{"id":5154,"date":"2023-04-12T16:19:59","date_gmt":"2023-04-12T14:19:59","guid":{"rendered":"https:\/\/www.drama-panorama.com\/en\/?page_id=5154"},"modified":"2023-05-15T14:27:17","modified_gmt":"2023-05-15T12:27:17","slug":"programme","status":"publish","type":"page","link":"https:\/\/www.drama-panorama.com\/en\/archive\/new-translations-of-international-drama\/programme\/","title":{"rendered":"Programme"},"content":{"rendered":"\n<h2 class=\"wp-block-heading\"><a href=\"https:\/\/www.drama-panorama.com\/en\/projects\/new-translations-of-international-drama\/\">New Translations of International Drama<\/a><\/h2>\n\n\n\n<h3 class=\"wp-block-heading\"><a href=\"https:\/\/www.etberlin.de\/\">English Theatre Berlin | Performing Arts Centre<\/a><\/h3>\n\n\n\n<h3 class=\"wp-block-heading has-light-turquise-background-color has-background\">Friday, 26.05.2023<\/h3>\n\n\n\n<p class=\"has-white-background-color has-background\"><strong>15:00 <br>Hungary: Trapped in the Patriarchy<\/strong><br>Istv\u00e1n Tasn\u00e1di: <em>Kartonpapa <\/em><br>Translated from the Hungarian Marianne Behrmann<br>Followed by a panel discussion with the playwright and translator<br>Free entrance, <a href=\"https:\/\/www.eventbrite.de\/e\/616451903237\">register here<\/a><\/p>\n\n\n\n<p class=\"has-white-background-color has-background\"><strong>17:00 <br>Ukraine: Journey Through a Country Torn Apart<\/strong><br>Anastasiia Kosodii: <em>Timetraveller\u2019s Guide to Donbas<\/em><br>Translated from the Ukrainian by Lydia Nagel<br>Followed by a panel discussion with the playwright and translator <br>Chaired by: Hannes Becker<br>Free entrance, <a href=\"https:\/\/www.eventbrite.de\/e\/616470418617\">register here<\/a><\/p>\n\n\n\n<p class=\"has-white-background-color has-background\"><strong>20:00 <br>Poland: A Bitter Pandemic Commedia dell&#8217;Arte <\/strong><br>Ishbel Szatrawska: <em>Totentanz. Schwarze Nacht, schwarzer Tod<\/em><br>Translated from the Polish by Andreas Volk<br>Followed by a panel discussion with the playwright and translator <br>Chaired by: Iwona&nbsp;Uberman<br>Free entrance, <a href=\"https:\/\/www.eventbrite.de\/e\/616475273137\">register here<\/a><\/p>\n\n\n\n<h3 class=\"wp-block-heading has-light-turquise-background-color has-background\">Saturday, 27.05.2023<\/h3>\n\n\n\n<p class=\"has-white-background-color has-background\"><strong>15:00 <br>Czech Republic: Out of the System <strong>\u2013 <\/strong>Shadow Economy Workers<\/strong><br>Tom\u00e1\u0161 R\u00e1li\u0161: <em>Sorex<\/em><br>Translated from the Czech by Maira Neubert<br>Followed by a panel discussion with the playwright and translator <br>Chaired and interpreted by: Barbora Schnelle<br>Free entrance, <a href=\"https:\/\/www.eventbrite.de\/e\/616488582947\">register here<\/a><\/p>\n\n\n\n<p class=\"has-white-background-color has-background\"><strong>17:00 <\/strong><br><strong>Israel: At the Boundaries of Humanity \u2013 Drama in Times of Catastrophe <\/strong><br>Maya Arad Yasur: <em>Triage<\/em><br>Translated from the Hebrew by Matthias Naumann<br>Followed by a panel discussion with the playwright and translator <br><em>This talk will be held in English<\/em><br>Free entrance, <a href=\"https:\/\/www.eventbrite.de\/e\/616496957997\">register here<\/a><\/p>\n\n\n\n<p class=\"has-white-background-color has-background\"><strong>20:00<br>United Kingdom: Drama and Climate<\/strong><br>Dawn King: <em>Das Tribunal<\/em><br>Translated from the English by Henning Bochert<br>Followed by a panel discussion with the playwright and translator <br><em><em>This talk will be held in English<\/em><\/em><br>Free entrance, <a href=\"https:\/\/www.eventbrite.de\/e\/616499004117\">register here<\/a><\/p>\n\n\n\n<h3 class=\"wp-block-heading has-light-turquise-background-color has-background\">Sunday, 28.05.2023<\/h3>\n\n\n\n<p class=\"has-white-background-color has-background\"><strong>15:00 <br>Guinea-Bissau: Decolonising Thinking<\/strong><br>Abdulai Sila:&nbsp;<em>Zwei Sch\u00fcsse und ein Lachen<\/em><br>Translated from the Portuguese by Renate He\u00df<br>With by a video message from the playwright and followed by a discussion with the translator <br>Chaired by:&nbsp;Renate He\u00df<br>Introduction and interpreted by: Katja Roloff<br>Free entrance, <a href=\"https:\/\/www.eventbrite.de\/e\/616501872697\">register here<\/a><\/p>\n\n\n\n<p class=\"has-white-background-color has-background\"><strong>17:00 <\/strong><br><strong>Portugal: The Media in the Post-Fact Era<\/strong><br>Rui Cardoso Martins: <em>Neueste Nachrichten<\/em><br>Translated from the Portuguese by Niki Gra\u00e7a<br>Followed by a panel discussion with the playwright and translator<br>Free entrance, <a href=\"https:\/\/www.eventbrite.de\/e\/616507028117\">register here<\/a><\/p>\n\n\n\n<p class=\"has-white-background-color has-background\"><strong>20:00<\/strong> <br><strong>Cuba: Water Rising on all Sides \u2013<\/strong> <strong>The Present in the Theatre and on the Streets<\/strong><br>Yunior Garc\u00eda Aguilera: <em>Jacuzzi<\/em><br>Translated from the Spanish by Miriam Denger<br>Followed by a panel discussion with the playwright and translator<br>Free entrance, <a href=\"https:\/\/www.eventbrite.de\/e\/616509475437\">register here<\/a>  <\/p>\n\n\n\n<hr class=\"wp-block-separator has-alpha-channel-opacity\" \/>\n\n\n\n<p class=\"has-text-align-center has-small-font-size\"><em>Artistic directors: Anna Galt, Charlotte Bomy and Barbora Schnelle<br>Production: Tine Elbel<br>PR: <a href=\"https:\/\/augustinpr.de\/\">Augustin PR<\/a><\/em><\/p>\n\n\n\n<p class=\"has-text-align-center has-small-font-size\"><em>This three-day festival of readings is the continuation of the series of events PANORAMA #1 and PANORAMA #2: \u00dcBERTHEATER\u00dcBERSETZEN, which <em>Drama Panorama: Forum f\u00fcr \u00dcbersetzung und Theater e. V.<\/em><\/em> <em>organised in 2021 and 2022, <\/em><br><em>generously funded by the Deutscher \u00dcbersetzerfonds.<\/em><\/p>\n\n\n\n<p class=\"has-text-align-center has-small-font-size\"><em>Funded by the Deutscher \u00dcbersetzerfonds <em>and the Federal Government Commissioner for Culture and the Media<\/em><\/em> <em>as part of the NEUSTART KULTUR programme.<\/em> <em>The translation of the Czech play &#8220;Sorex&#8221; by Tom\u00e1\u0161&nbsp;R\u00e1li\u0161&nbsp;was funded by the Academy of Performing Arts in Prague<\/em>.&nbsp;<\/p>\n\n\n\n<div class=\"wp-block-columns is-layout-flex wp-container-core-columns-is-layout-9d6595d7 wp-block-columns-is-layout-flex\">\n<div class=\"wp-block-column is-vertically-aligned-center is-layout-flow wp-block-column-is-layout-flow\">\n<figure class=\"wp-block-image size-large is-resized\"><img loading=\"lazy\" decoding=\"async\" src=\"https:\/\/www.drama-panorama.com\/wp-content\/uploads\/2023\/02\/dp_Logo_2020_trans_small-1024x463.png\" alt=\"\" class=\"wp-image-9537\" width=\"267\" height=\"120\" \/><\/figure>\n<\/div>\n\n\n\n<div class=\"wp-block-column is-vertically-aligned-center is-layout-flow wp-block-column-is-layout-flow\">\n<figure class=\"wp-block-image size-full is-resized\"><img loading=\"lazy\" decoding=\"async\" src=\"https:\/\/www.drama-panorama.com\/wp-content\/uploads\/2023\/02\/ET-logo-as-jpeg-1.jpg\" alt=\"\" class=\"wp-image-9538\" width=\"160\" height=\"132\" \/><\/figure>\n<\/div>\n\n\n\n<div class=\"wp-block-column is-layout-flow wp-block-column-is-layout-flow\">\n<figure class=\"wp-block-image size-large is-resized\"><img loading=\"lazy\" decoding=\"async\" src=\"https:\/\/www.drama-panorama.com\/wp-content\/uploads\/2023\/02\/171020_logo_DUF_L_CMYK_Print_schwarz-1-1024x229.png\" alt=\"\" class=\"wp-image-9534\" width=\"251\" height=\"56\" \/><\/figure>\n<\/div>\n<\/div>\n\n\n\n<div class=\"wp-block-columns are-vertically-aligned-center is-layout-flex wp-container-core-columns-is-layout-9d6595d7 wp-block-columns-is-layout-flex\">\n<div class=\"wp-block-column is-vertically-aligned-center is-layout-flow wp-block-column-is-layout-flow\" style=\"flex-basis:33.33%\">\n<figure class=\"wp-block-image size-full\"><img decoding=\"async\" src=\"https:\/\/www.drama-panorama.com\/wp-content\/uploads\/2023\/05\/Theaterhausmitte.png\" alt=\"\" class=\"wp-image-9770\" \/><\/figure>\n<\/div>\n\n\n\n<div class=\"wp-block-column is-vertically-aligned-center is-layout-flow wp-block-column-is-layout-flow\" style=\"flex-basis:33.33%\">\n<figure class=\"wp-block-image size-large\"><img decoding=\"async\" src=\"https:\/\/www.drama-panorama.com\/wp-content\/uploads\/2023\/02\/Logo_Neustartkultur_BKM-1024x250.jpg\" alt=\"\" class=\"wp-image-9533\" \/><\/figure>\n<\/div>\n\n\n\n<div class=\"wp-block-column is-vertically-aligned-center is-layout-flow wp-block-column-is-layout-flow\" style=\"flex-basis:33.33%\">\n<figure class=\"wp-block-image size-large\"><img decoding=\"async\" src=\"https:\/\/www.drama-panorama.com\/wp-content\/uploads\/2023\/02\/Logo_AMU-1-1024x272.png\" alt=\"\" class=\"wp-image-9539\" \/><\/figure>\n<\/div>\n<\/div>\n","protected":false},"excerpt":{"rendered":"<p>New Translations of International Drama English Theatre Berlin | Performing Arts Centre Friday, 26.05.2023 15:00 Hungary: Trapped in the PatriarchyIstv\u00e1n Tasn\u00e1di: Kartonpapa Translated from the Hungarian Marianne BehrmannFollowed by a panel discussion with the playwright and translatorFree entrance, register here 17:00 Ukraine: Journey Through a&hellip; <a class=\"read-more\" href=\"https:\/\/www.drama-panorama.com\/en\/archive\/new-translations-of-international-drama\/programme\/\">Read more<\/a><\/p>\n","protected":false},"author":29,"featured_media":0,"parent":5149,"menu_order":0,"comment_status":"closed","ping_status":"closed","template":"","meta":{"_acf_changed":false,"footnotes":""},"class_list":["post-5154","page","type-page","status-publish","hentry"],"acf":[],"_links":{"self":[{"href":"https:\/\/www.drama-panorama.com\/en\/wp-json\/wp\/v2\/pages\/5154","targetHints":{"allow":["GET"]}}],"collection":[{"href":"https:\/\/www.drama-panorama.com\/en\/wp-json\/wp\/v2\/pages"}],"about":[{"href":"https:\/\/www.drama-panorama.com\/en\/wp-json\/wp\/v2\/types\/page"}],"author":[{"embeddable":true,"href":"https:\/\/www.drama-panorama.com\/en\/wp-json\/wp\/v2\/users\/29"}],"replies":[{"embeddable":true,"href":"https:\/\/www.drama-panorama.com\/en\/wp-json\/wp\/v2\/comments?post=5154"}],"version-history":[{"count":10,"href":"https:\/\/www.drama-panorama.com\/en\/wp-json\/wp\/v2\/pages\/5154\/revisions"}],"predecessor-version":[{"id":5195,"href":"https:\/\/www.drama-panorama.com\/en\/wp-json\/wp\/v2\/pages\/5154\/revisions\/5195"}],"up":[{"embeddable":true,"href":"https:\/\/www.drama-panorama.com\/en\/wp-json\/wp\/v2\/pages\/5149"}],"wp:attachment":[{"href":"https:\/\/www.drama-panorama.com\/en\/wp-json\/wp\/v2\/media?parent=5154"}],"curies":[{"name":"wp","href":"https:\/\/api.w.org\/{rel}","templated":true}]}}