{"id":4728,"date":"2022-09-05T17:00:20","date_gmt":"2022-09-05T15:00:20","guid":{"rendered":"https:\/\/www.drama-panorama.com\/en\/?page_id=4728"},"modified":"2022-10-05T14:59:36","modified_gmt":"2022-10-05T12:59:36","slug":"translation-and-political-theatre","status":"publish","type":"page","link":"https:\/\/www.drama-panorama.com\/en\/projects\/panorama-2-ubertheaterubersetzen\/translation-and-political-theatre\/","title":{"rendered":"Translation and Political Theatre"},"content":{"rendered":"\n<h3 class=\"is-style-default wp-block-heading\">Readings and workshop, 26.-27.09.2022, English Theatre Berlin<\/h3>\n\n\n\n<p>The translation of political plays requires a special approach \u2013 in addition to linguistic transfer, <strong>contexts, sociopolitical discourses and also theatre traditions<\/strong> must be conveyed. Translation and Political Theatre deals with two important political playwrights \u2013 Czech playwright Roman Sikora and the translations of his plays into German by Barbora Schnelle, along with the late Israeli playwright Hanoch Levin and the translations of his plays into German by Matthias Naumann. The occasion for these events is the publication of two anthologies of plays by each of these playwrights in the book series <em>Drama Panorama<\/em> published by Neofelis Verlag.<\/p>\n\n\n\n<figure class=\"wp-block-image size-full\"><img decoding=\"async\" src=\"https:\/\/www.drama-panorama.com\/wp-content\/uploads\/2022\/04\/Sikora_Tod-eines-talentierten-Schweins_Inszenierungsbild.jpg\" alt=\"\" class=\"wp-image-8339\" \/><figcaption>Roman Sikora: Death of a Talented Pig. Picture from the production at the Theatre Divadlo M\u00edr, Ostrava, directed by Albert \u010cuba.<br> Photo: Jan Lipovsk\u00fd<\/figcaption><\/figure>\n\n\n\n<p>Along with two readings, we also invite anyone with an interest to the workshop, where we&#8217;ll present two introductory lectures by our guests and ask about the more general conditions and challenges for translating political theatre. What contextualisation does the translation of political theatre in particular demand? On the other hand, how do certain interests in the target country determine which playwrights gets translated and more importantly performed? What influences, in both content and form, whether a political play is translated and performed?<\/p>\n\n\n\n<div class=\"wp-block-columns is-layout-flex wp-container-core-columns-is-layout-9d6595d7 wp-block-columns-is-layout-flex\">\n<div class=\"wp-block-column is-layout-flow wp-block-column-is-layout-flow\" style=\"flex-basis:33.33%\">\n<figure class=\"wp-block-image size-full is-resized\"><img loading=\"lazy\" decoding=\"async\" src=\"https:\/\/www.drama-panorama.com\/wp-content\/uploads\/2022\/05\/Fruehstueck-mit-Leviathan_Coverbild-3.jpg\" alt=\"\" class=\"wp-image-8667\" width=\"186\" height=\"289\" \/><\/figure>\n<\/div>\n\n\n\n<div class=\"wp-block-column is-layout-flow wp-block-column-is-layout-flow\" style=\"flex-basis:66.66%\">\n<p>The two-day event begins with a <a href=\"https:\/\/www.drama-panorama.com\/veranstaltung\/roman-sikora-fruehstueck-mit-leviathan\/\">staged reading from Roman Sikora&#8217;s dramas<\/a>&nbsp;on 26.09.2022 at 20:00. We will read from the plays&nbsp;<em>Schloss an der Loire<\/em>&nbsp;and&nbsp;<em>Drei Tage oder Abstieg und Aufstieg des Herrn B.&nbsp;<\/em>from the book&nbsp;<a href=\"https:\/\/neofelis-verlag.de\/verlagsprogramm\/literatur-theatertexte\/theatertexte\/1005\/fruehstueck-mit-leviathan\">Fr\u00fchst\u00fcck mit Leviathan. Theaterst\u00fccke&nbsp;<\/a>(Berlin, Neofelis, 2021, ed. by Barbora Schnelle). The author Roman Sikora, his translator Barbora Schnelle and publisher Matthias Naumann will then discuss Sikora&#8217;s work in a panel discussion afterwards.<\/p>\n<\/div>\n<\/div>\n\n\n\n<p>On the second day, 27.09.2022, we will begin the workshop on <a href=\"https:\/\/www.drama-panorama.com\/veranstaltung\/politisches-theater-uebersetzen\/\">Translating Political Theatre<\/a> at 10:30, where we will examine the topic in all its complexity using our guests&#8217; lectures as a starting point and illustrate the problem with selected text examples.<\/p>\n\n\n\n<div class=\"wp-block-columns is-layout-flex wp-container-core-columns-is-layout-9d6595d7 wp-block-columns-is-layout-flex\">\n<div class=\"wp-block-column is-layout-flow wp-block-column-is-layout-flow\" style=\"flex-basis:66.66%\">\n<p>On the evening of the 27.09.2022, <a href=\"https:\/\/www.drama-panorama.com\/veranstaltung\/hanoch-levin-die-im-dunkeln-gehen\/\">the second reading, this time of Hanoch Levin&#8217;s work,<\/a>&nbsp;will take place at 20:00. We will read extracts from <em>Das Kind tr\u00e4umt<\/em>&nbsp;and other plays from the book <a href=\"https:\/\/neofelis-verlag.de\/verlagsprogramm\/literatur-theatertexte\/theatertexte\/1053\/die-im-dunkeln-gehen\">Die im Dunkeln gehen<\/a>&nbsp;(Berlin: Neofelis 2022, ed. by Matthias Naumann) and present Levin&#8217;s work in a discussion with the translator Matthias Naumann, theatre studies scholar Freddie Rokem and director Antje Thoms.<\/p>\n\n\n\n<p>As well as that, additional readings and discussions will take place at the Leipzig and <a href=\"http:\/\/drama-panorama.com\/veranstaltung\/politisches-theater-uebersetzen-2\/\">Frankfurt Book Fairs<\/a>, where political plays from the two books will be presented.<\/p>\n<\/div>\n\n\n\n<div class=\"wp-block-column is-layout-flow wp-block-column-is-layout-flow\" style=\"flex-basis:33.33%\">\n<figure class=\"wp-block-image size-full is-resized\"><img loading=\"lazy\" decoding=\"async\" src=\"https:\/\/www.drama-panorama.com\/wp-content\/uploads\/2022\/05\/Cover_Levin.jpg\" alt=\"\" class=\"wp-image-8668\" width=\"189\" height=\"294\" \/><\/figure>\n<\/div>\n<\/div>\n\n\n<div class=\"list event-list teaser-layout teaser-columns-5\"><div id=\"post-5053\" class=\"list-item event post-5053\"><div class=\"item-thumbnail\"><a href=\"https:\/\/www.drama-panorama.com\/en\/event\/czech-political-theatre\/\"><img loading=\"lazy\" decoding=\"async\" width=\"720\" height=\"401\" src=\"https:\/\/www.drama-panorama.com\/en\/wp-content\/uploads\/sites\/2\/2022\/05\/G-2_Bild-zum-Gespraech_Schnelle_Sikora_Leipzig-Buchmesse-2019-1536x855-1-1024x570.jpg\" class=\"attachment-large size-large wp-post-image\" alt=\"\" srcset=\"https:\/\/www.drama-panorama.com\/en\/wp-content\/uploads\/sites\/2\/2022\/05\/G-2_Bild-zum-Gespraech_Schnelle_Sikora_Leipzig-Buchmesse-2019-1536x855-1-1024x570.jpg 1024w, https:\/\/www.drama-panorama.com\/en\/wp-content\/uploads\/sites\/2\/2022\/05\/G-2_Bild-zum-Gespraech_Schnelle_Sikora_Leipzig-Buchmesse-2019-1536x855-1-300x167.jpg 300w, https:\/\/www.drama-panorama.com\/en\/wp-content\/uploads\/sites\/2\/2022\/05\/G-2_Bild-zum-Gespraech_Schnelle_Sikora_Leipzig-Buchmesse-2019-1536x855-1-768x428.jpg 768w, https:\/\/www.drama-panorama.com\/en\/wp-content\/uploads\/sites\/2\/2022\/05\/G-2_Bild-zum-Gespraech_Schnelle_Sikora_Leipzig-Buchmesse-2019-1536x855-1.jpg 1536w\" sizes=\"auto, (max-width: 720px) 100vw, 720px\" \/><\/a><\/div><div class=\"item-date\"><strong>16.03.2022<\/strong><\/div><h3 class=\"item-heading\"><a href=\"https:\/\/www.drama-panorama.com\/en\/event\/czech-political-theatre\/\"> Czech Political Theatre &#8211; Roman Sikora: Fr\u00fchst\u00fcck mit Leviathan<\/a><\/h3><div class=\"item-venue\"><a href=\"https:\/\/www.schaubuehne.com\/\" target=\"_blank\">Schaub\u00fchne Lindenfels<\/a><\/div><div class=\"wp-block-buttons\"><div class=\"wp-block-button\"><a class=\"wp-block-button__link\" href=\"https:\/\/www.drama-panorama.com\/en\/event\/czech-political-theatre\/\">Read more<\/a><\/div><\/div><\/div><div id=\"post-4732\" class=\"list-item event post-4732\"><div class=\"item-thumbnail\"><a href=\"https:\/\/www.drama-panorama.com\/en\/event\/roman-sikora-fruhstuck-mit-leviathan\/\"><img loading=\"lazy\" decoding=\"async\" width=\"720\" height=\"465\" src=\"https:\/\/www.drama-panorama.com\/en\/wp-content\/uploads\/sites\/2\/2022\/05\/Sikora_Tod-eines-talentierten-Schweins_Inszenierungsbild.jpg\" class=\"attachment-large size-large wp-post-image\" alt=\"\" srcset=\"https:\/\/www.drama-panorama.com\/en\/wp-content\/uploads\/sites\/2\/2022\/05\/Sikora_Tod-eines-talentierten-Schweins_Inszenierungsbild.jpg 1024w, https:\/\/www.drama-panorama.com\/en\/wp-content\/uploads\/sites\/2\/2022\/05\/Sikora_Tod-eines-talentierten-Schweins_Inszenierungsbild-300x194.jpg 300w, https:\/\/www.drama-panorama.com\/en\/wp-content\/uploads\/sites\/2\/2022\/05\/Sikora_Tod-eines-talentierten-Schweins_Inszenierungsbild-768x496.jpg 768w\" sizes=\"auto, (max-width: 720px) 100vw, 720px\" \/><\/a><\/div><div class=\"item-date\"><strong>26.09.2022<\/strong><\/div><h3 class=\"item-heading\"><a href=\"https:\/\/www.drama-panorama.com\/en\/event\/roman-sikora-fruhstuck-mit-leviathan\/\"> Roman Sikora: Fr\u00fchst\u00fcck mit Leviathan<\/a><\/h3><div class=\"item-venue\"><a href=\"https:\/\/www.etberlin.de\/\" target=\"_blank\">English Theatre Berlin | Performing Arts Centre<\/a><\/div><div class=\"wp-block-buttons\"><div class=\"wp-block-button\"><a class=\"wp-block-button__link\" href=\"https:\/\/www.drama-panorama.com\/en\/event\/roman-sikora-fruhstuck-mit-leviathan\/\">Read more<\/a><\/div><\/div><\/div><div id=\"post-4734\" class=\"list-item event post-4734\"><div class=\"item-thumbnail\"><a href=\"https:\/\/www.drama-panorama.com\/en\/event\/translating-political-theatre\/\"><img loading=\"lazy\" decoding=\"async\" width=\"720\" height=\"480\" src=\"https:\/\/www.drama-panorama.com\/en\/wp-content\/uploads\/sites\/2\/2022\/05\/Klein_DSC00076.jpg\" class=\"attachment-large size-large wp-post-image\" alt=\"\" srcset=\"https:\/\/www.drama-panorama.com\/en\/wp-content\/uploads\/sites\/2\/2022\/05\/Klein_DSC00076.jpg 1024w, https:\/\/www.drama-panorama.com\/en\/wp-content\/uploads\/sites\/2\/2022\/05\/Klein_DSC00076-300x200.jpg 300w, https:\/\/www.drama-panorama.com\/en\/wp-content\/uploads\/sites\/2\/2022\/05\/Klein_DSC00076-768x512.jpg 768w\" sizes=\"auto, (max-width: 720px) 100vw, 720px\" \/><\/a><\/div><div class=\"item-date\"><strong>27.09.2022<\/strong><\/div><h3 class=\"item-heading\"><a href=\"https:\/\/www.drama-panorama.com\/en\/event\/translating-political-theatre\/\"> Translating Political Theatre<\/a><\/h3><div class=\"item-venue\"><a href=\"https:\/\/www.etberlin.de\/\" target=\"_blank\">English Theatre Berlin | Performing Arts Centre<\/a><\/div><div class=\"wp-block-buttons\"><div class=\"wp-block-button\"><a class=\"wp-block-button__link\" href=\"https:\/\/www.drama-panorama.com\/en\/event\/translating-political-theatre\/\">Read more<\/a><\/div><\/div><\/div><div id=\"post-4736\" class=\"list-item event post-4736\"><div class=\"item-thumbnail\"><a href=\"https:\/\/www.drama-panorama.com\/en\/event\/hanoch-levin-die-im-dunkeln-gehen\/\"><img loading=\"lazy\" decoding=\"async\" width=\"720\" height=\"480\" src=\"https:\/\/www.drama-panorama.com\/en\/wp-content\/uploads\/sites\/2\/2022\/09\/image-1.png\" class=\"attachment-large size-large wp-post-image\" alt=\"\" srcset=\"https:\/\/www.drama-panorama.com\/en\/wp-content\/uploads\/sites\/2\/2022\/09\/image-1.png 1024w, https:\/\/www.drama-panorama.com\/en\/wp-content\/uploads\/sites\/2\/2022\/09\/image-1-300x200.png 300w, https:\/\/www.drama-panorama.com\/en\/wp-content\/uploads\/sites\/2\/2022\/09\/image-1-768x512.png 768w\" sizes=\"auto, (max-width: 720px) 100vw, 720px\" \/><\/a><\/div><div class=\"item-date\"><strong>27.09.2022<\/strong><\/div><h3 class=\"item-heading\"><a href=\"https:\/\/www.drama-panorama.com\/en\/event\/hanoch-levin-die-im-dunkeln-gehen\/\"> Hanoch Levin: Die im Dunkeln gehen<\/a><\/h3><div class=\"item-venue\"><a href=\"https:\/\/www.etberlin.de\/\" target=\"_blank\">English Theatre Berlin | Performing Arts Centre<\/a><\/div><div class=\"wp-block-buttons\"><div class=\"wp-block-button\"><a class=\"wp-block-button__link\" href=\"https:\/\/www.drama-panorama.com\/en\/event\/hanoch-levin-die-im-dunkeln-gehen\/\">Read more<\/a><\/div><\/div><\/div><div id=\"post-4994\" class=\"list-item event post-4994\"><div class=\"item-thumbnail\"><a href=\"https:\/\/www.drama-panorama.com\/en\/event\/translating-political-theatre-at-the-frankfurt-book-fair\/\"><img loading=\"lazy\" decoding=\"async\" width=\"720\" height=\"480\" src=\"https:\/\/www.drama-panorama.com\/en\/wp-content\/uploads\/sites\/2\/2022\/10\/Henning-Bochert-bei-szenischer-Lesung_Copyright-Drama-Panorama-2018.jpeg\" class=\"attachment-large size-large wp-post-image\" alt=\"\" srcset=\"https:\/\/www.drama-panorama.com\/en\/wp-content\/uploads\/sites\/2\/2022\/10\/Henning-Bochert-bei-szenischer-Lesung_Copyright-Drama-Panorama-2018.jpeg 1024w, https:\/\/www.drama-panorama.com\/en\/wp-content\/uploads\/sites\/2\/2022\/10\/Henning-Bochert-bei-szenischer-Lesung_Copyright-Drama-Panorama-2018-300x200.jpeg 300w, https:\/\/www.drama-panorama.com\/en\/wp-content\/uploads\/sites\/2\/2022\/10\/Henning-Bochert-bei-szenischer-Lesung_Copyright-Drama-Panorama-2018-768x512.jpeg 768w\" sizes=\"auto, (max-width: 720px) 100vw, 720px\" \/><\/a><\/div><div class=\"item-date\"><strong>20.10.2022<\/strong><\/div><h3 class=\"item-heading\"><a href=\"https:\/\/www.drama-panorama.com\/en\/event\/translating-political-theatre-at-the-frankfurt-book-fair\/\"> Translating Political Theatre at the Frankfurt Book Fair<\/a><\/h3><div class=\"item-venue\"><a href=\"http:\/\/www.ohdk.de\/\" target=\"_blank\">Offenes Haus der Kulturen im Studierendenhaus<\/a><\/div><div class=\"wp-block-buttons\"><div class=\"wp-block-button\"><a class=\"wp-block-button__link\" href=\"https:\/\/www.drama-panorama.com\/en\/event\/translating-political-theatre-at-the-frankfurt-book-fair\/\">Read more<\/a><\/div><\/div><\/div><\/div>\n\n\n<hr class=\"wp-block-separator has-css-opacity\" \/>\n\n\n\n<p class=\"has-text-align-center has-small-font-size\"><em><em>An event by Drama Panorama: Forum f\u00fcr \u00dcbersetzung und Theater e. V. as part of the project&nbsp;<strong>panorama #2:<\/strong>&nbsp;\u00fcber<strong>theater<\/strong>\u00fcbersetzen, funded by the Federal Government Commissioner for Culture and the Media and the&nbsp;Deutscher \u00dcbersetzerfonds&nbsp;as part of the Neustart Kultur programme <em>as well as the Deutsch-Tschechischen Zukunftsfonds<\/em>. In cooperation with Neofelis Verlag and&nbsp;<\/em>the&nbsp;<em>taz.<\/em><\/em><\/p>\n\n\n\n<figure class=\"wp-block-gallery aligncenter has-nested-images columns-7 is-style-vertical-align-center wp-block-gallery-1 is-layout-flex wp-block-gallery-is-layout-flex\">\n<figure class=\"wp-block-image size-large\"><img decoding=\"async\" data-id=\"7923\" src=\"https:\/\/www.drama-panorama.com\/wp-content\/uploads\/2022\/02\/dp_Logo_2020_big-2.jpg\" alt=\"\" class=\"wp-image-7923\" \/><\/figure>\n\n\n\n<figure class=\"wp-block-image size-large\"><img decoding=\"async\" data-id=\"7924\" src=\"https:\/\/www.drama-panorama.com\/wp-content\/uploads\/2022\/02\/171020_logo_DUF_L_CMYK_Print_schwarz_klein-1.png\" alt=\"\" class=\"wp-image-7924\" \/><\/figure>\n\n\n\n<figure class=\"wp-block-image size-large\"><img decoding=\"async\" data-id=\"7932\" src=\"https:\/\/www.drama-panorama.com\/wp-content\/uploads\/2022\/02\/Logo_Neustartkultur_BKM-2.jpg\" alt=\"\" class=\"wp-image-7932\" \/><\/figure>\n\n\n\n<figure class=\"wp-block-image size-large\"><img decoding=\"async\" data-id=\"9095\" src=\"https:\/\/www.drama-panorama.com\/wp-content\/uploads\/2022\/08\/Logo-Zukunftsfonds-1.png\" alt=\"\" class=\"wp-image-9095\" \/><\/figure>\n\n\n\n<figure class=\"wp-block-image size-large\"><img decoding=\"async\" data-id=\"6973\" src=\"https:\/\/www.drama-panorama.com\/wp-content\/uploads\/2021\/08\/ETB_Logo_Claim_Vector_black.jpeg\" alt=\"\" class=\"wp-image-6973\" \/><\/figure>\n\n\n\n<figure class=\"wp-block-image size-large\"><img decoding=\"async\" data-id=\"9026\" src=\"https:\/\/www.drama-panorama.com\/wp-content\/uploads\/2022\/08\/Neofelis-Logo_komplett_Web-jpg.jpg\" alt=\"\" class=\"wp-image-9026\" \/><\/figure>\n\n\n\n<figure class=\"wp-block-image size-large\"><img decoding=\"async\" data-id=\"8812\" src=\"https:\/\/www.drama-panorama.com\/wp-content\/uploads\/2022\/05\/taz_Logo.jpg\" alt=\"\" class=\"wp-image-8812\" \/><\/figure>\n<\/figure>\n","protected":false},"excerpt":{"rendered":"<p>Readings and workshop, 26.-27.09.2022, English Theatre Berlin<\/p>\n","protected":false},"author":48,"featured_media":4733,"parent":4668,"menu_order":4,"comment_status":"closed","ping_status":"closed","template":"","meta":{"_acf_changed":false,"footnotes":""},"class_list":["post-4728","page","type-page","status-publish","has-post-thumbnail","hentry"],"acf":[],"_links":{"self":[{"href":"https:\/\/www.drama-panorama.com\/en\/wp-json\/wp\/v2\/pages\/4728","targetHints":{"allow":["GET"]}}],"collection":[{"href":"https:\/\/www.drama-panorama.com\/en\/wp-json\/wp\/v2\/pages"}],"about":[{"href":"https:\/\/www.drama-panorama.com\/en\/wp-json\/wp\/v2\/types\/page"}],"author":[{"embeddable":true,"href":"https:\/\/www.drama-panorama.com\/en\/wp-json\/wp\/v2\/users\/48"}],"replies":[{"embeddable":true,"href":"https:\/\/www.drama-panorama.com\/en\/wp-json\/wp\/v2\/comments?post=4728"}],"version-history":[{"count":9,"href":"https:\/\/www.drama-panorama.com\/en\/wp-json\/wp\/v2\/pages\/4728\/revisions"}],"predecessor-version":[{"id":4990,"href":"https:\/\/www.drama-panorama.com\/en\/wp-json\/wp\/v2\/pages\/4728\/revisions\/4990"}],"up":[{"embeddable":true,"href":"https:\/\/www.drama-panorama.com\/en\/wp-json\/wp\/v2\/pages\/4668"}],"wp:featuredmedia":[{"embeddable":true,"href":"https:\/\/www.drama-panorama.com\/en\/wp-json\/wp\/v2\/media\/4733"}],"wp:attachment":[{"href":"https:\/\/www.drama-panorama.com\/en\/wp-json\/wp\/v2\/media?parent=4728"}],"curies":[{"name":"wp","href":"https:\/\/api.w.org\/{rel}","templated":true}]}}