{"id":4674,"date":"2022-05-20T15:50:21","date_gmt":"2022-05-20T13:50:21","guid":{"rendered":"https:\/\/www.drama-panorama.com\/en\/?page_id=4674"},"modified":"2022-07-18T12:18:40","modified_gmt":"2022-07-18T10:18:40","slug":"queer-in-translation-2","status":"publish","type":"page","link":"https:\/\/www.drama-panorama.com\/en\/projects\/panorama-2-ubertheaterubersetzen\/queer-in-translation-2\/","title":{"rendered":"Queer in Translation #2"},"content":{"rendered":"\n<p class=\"has-larger-font-size\"><strong>Book launch, reading, talks, workshop<\/strong><\/p>\n\n\n<div class=\"wp-block-image\">\n<figure class=\"alignleft size-full is-resized\"><img decoding=\"async\" src=\"https:\/\/www.drama-panorama.com\/wp-content\/uploads\/2022\/03\/Book.jpg\" alt=\"\" class=\"wp-image-8090\" width=\"260\" \/><\/figure>\n<\/div>\n\n\n<p>After a first translation workshop with a queer focus and a reading and panel discussion afterwards in 2019 at the Literarisches Colloquium Berlin, which was followed by the first edition of &#8220;Queer in Translation&#8221; in June 2021 at the Maxim Gorki Theater and in November 2021 at the Centre Fran\u00e7ais de Berlin, the series focusing on queer drama now returns to the LCB. While the focus in 2019 was on the authors Raphael Amahl Khouri and Olga Dimitrijevic, and in 2021 on Marine Bachelot Nguyen and her translator Andr\u00e9 Hansen and Marie Henry with her translator Lisa Wegener, now <strong>Magne van den Berg<\/strong> and <strong>Milja Sarkola<\/strong> with translator <strong>Katja von der Ropp<\/strong> will have the opportunity to present previously unpublished plays and translations that have not been performed in Germany. Their texts also appear for the first time in German translation in the anthology <em><a href=\"https:\/\/neofelis-verlag.de\/verlagsprogramm\/literatur-theatertexte\/theatertexte\/1028\/surf-durch-undefiniertes-gelaende?c=347\">Surf durch undefiniertes Gel\u00e4nde. Internationale queere Dramatik<\/a><\/em>, published by Neofelis Verlag on the 30<sup>th<\/sup> of March 2022 in the series Drama Panorama &#8211; Neue Internationale Theatertexte. Edited by Charlotte Bomy and Lisa Wegener, the book is a collection of <strong>plays and performance texts with queer perspectives, which daringly present new narratives of gender and identity, and address the exclusion and oppression of people who do not conform to the heterosexual or binary gender norm. <\/strong><\/p>\n\n\n<div class=\"list event-list teaser-layout teaser-columns-2\"><div id=\"post-4680\" class=\"list-item event post-4680\"><div class=\"item-thumbnail\"><a href=\"https:\/\/www.drama-panorama.com\/en\/event\/queer-in-translation-2-book-launch-reading-and-talk\/\"><img loading=\"lazy\" decoding=\"async\" width=\"720\" height=\"430\" src=\"https:\/\/www.drama-panorama.com\/en\/wp-content\/uploads\/sites\/2\/2022\/05\/QiT.jpg\" class=\"attachment-large size-large wp-post-image\" alt=\"\" srcset=\"https:\/\/www.drama-panorama.com\/en\/wp-content\/uploads\/sites\/2\/2022\/05\/QiT.jpg 1024w, https:\/\/www.drama-panorama.com\/en\/wp-content\/uploads\/sites\/2\/2022\/05\/QiT-300x179.jpg 300w, https:\/\/www.drama-panorama.com\/en\/wp-content\/uploads\/sites\/2\/2022\/05\/QiT-768x458.jpg 768w\" sizes=\"auto, (max-width: 720px) 100vw, 720px\" \/><\/a><\/div><div class=\"item-date\"><strong>08.06.2022<\/strong><\/div><h3 class=\"item-heading\"><a href=\"https:\/\/www.drama-panorama.com\/en\/event\/queer-in-translation-2-book-launch-reading-and-talk\/\"> Queer in Translation #2 \u2013 Book launch, reading and talk<\/a><\/h3><div class=\"item-venue\"><a href=\"www.lcb.de\" target=\"_blank\">Literarisches Colloqium Berlin<\/a><\/div><div class=\"wp-block-buttons\"><div class=\"wp-block-button\"><a class=\"wp-block-button__link\" href=\"https:\/\/www.drama-panorama.com\/en\/event\/queer-in-translation-2-book-launch-reading-and-talk\/\">Read more<\/a><\/div><\/div><\/div><\/div>\n\n\n<div style=\"height:10px\" aria-hidden=\"true\" class=\"wp-block-spacer\"><\/div>\n\n\n\n<hr class=\"wp-block-separator has-css-opacity is-style-wide\" \/>\n\n\n\n<h3 class=\"has-turquise-color has-text-color wp-block-heading\">Initiators<\/h3>\n\n\n\n<div class=\"wp-block-columns is-layout-flex wp-container-core-columns-is-layout-9d6595d7 wp-block-columns-is-layout-flex\">\n<div class=\"wp-block-column is-layout-flow wp-block-column-is-layout-flow\" style=\"flex-basis:33.33%\">\n<figure class=\"wp-block-image size-large is-resized\"><img loading=\"lazy\" decoding=\"async\" src=\"https:\/\/www.drama-panorama.com\/wp-content\/uploads\/2022\/05\/charlotte-bomy-cropped-853x1024.png\" alt=\"\" class=\"wp-image-8721\" width=\"207\" height=\"247\" \/><figcaption>\u00a9 Dan Dansen<\/figcaption><\/figure>\n<\/div>\n\n\n\n<div class=\"wp-block-column is-layout-flow wp-block-column-is-layout-flow\" style=\"flex-basis:90.66%\">\n<p><strong>Charlotte Bomy<\/strong> studied German and Theatres Studies in Stra\u00dfburg and Berlin. After graduating with a PhD in Theatre Studies, she has written a large number of essays and articles on contemporary drama. Since 2012, she has worked as a freelance translator in Berlin and translates German authors into French (including Darja Stocker, Sasha M. Salzmann, Maxi Obexer und Christina Kettering). She is editor of the anthologies <a href=\"https:\/\/neofelis-verlag.de\/verlagsprogramm\/literatur-theatertexte\/theatertexte\/1009\/afropaeerinnen\">Afrop\u00e4erinnen <\/a>and <a href=\"https:\/\/neofelis-verlag.de\/verlagsprogramm\/literatur-theatertexte\/theatertexte\/1028\/surf-durch-undefiniertes-gelaende\">Surf durch undefiniertes Gel\u00e4nde<\/a> (with Lisa Wegener) and in connection with these has curated and chaired numerous events.<\/p>\n<\/div>\n<\/div>\n\n\n\n<div class=\"wp-block-columns is-layout-flex wp-container-core-columns-is-layout-9d6595d7 wp-block-columns-is-layout-flex\">\n<div class=\"wp-block-column is-layout-flow wp-block-column-is-layout-flow\" style=\"flex-basis:80.66%\">\n<p><strong>Lisa Wegener<\/strong>, born in Leipzig, has a degree in Translation and an M.A. in Applied Literature. She primarily translates theatre texts and essays from English, French and Dutch, including by Peter Brook, Dieudonn\u00e9 Niangouna, Virginie Despentes, Ella Hickson, L\u00e9onora Miano, R\u00e9becca Chaillon. She is editor of the anthologies <a href=\"https:\/\/neofelis-verlag.de\/verlagsprogramm\/literatur-theatertexte\/theatertexte\/1009\/afropaeerinnen\">Afrop\u00e4erinnen <\/a>and <a href=\"https:\/\/neofelis-verlag.de\/verlagsprogramm\/literatur-theatertexte\/theatertexte\/1028\/surf-durch-undefiniertes-gelaende\">Surf durch undefiniertes Gel\u00e4nde<\/a> (with Charlotte Bomy) and in connection with these has curated and chaired numerous events.<\/p>\n<\/div>\n\n\n\n<div class=\"wp-block-column is-layout-flow wp-block-column-is-layout-flow\" style=\"flex-basis:33.33%\">\n<figure class=\"wp-block-image size-large is-resized\"><img loading=\"lazy\" decoding=\"async\" src=\"https:\/\/www.drama-panorama.com\/wp-content\/uploads\/2022\/05\/Fotocredit-Leona-Goldstein-729x1024.jpg\" alt=\"\" class=\"wp-image-8722\" width=\"220\" height=\"308\" \/><figcaption><mark class=\"has-inline-color has-black-color\">\u00a9 <\/mark>Leona Goldstein<\/figcaption><\/figure>\n<\/div>\n<\/div>\n\n\n\n<hr class=\"wp-block-separator has-css-opacity is-style-wide\" \/>\n\n\n\n<div class=\"wp-block-group\"><div class=\"wp-block-group__inner-container is-layout-flow wp-block-group-is-layout-flow\">\n<p class=\"has-text-align-center has-small-font-size\"><em><em>An event by Drama Panorama: Forum f\u00fcr \u00dcbersetzung und Theater e. V. as part of the project <strong>panorama #2:<\/strong> \u00fcber<em><strong>theater<\/strong><\/em>\u00fcbersetzen, funded by the Federal Government Commissioner for Culture and the Media and the <em>Deutscher \u00dcbersetzerfonds<\/em> as part of the Neustart Kultur programme. In cooperation with Neofelis Verlag Berlin and die taz.<\/em><\/em><\/p>\n\n\n\n<figure class=\"wp-block-gallery aligncenter has-nested-images columns-5 is-style-vertical-align-center wp-block-gallery-1 is-layout-flex wp-block-gallery-is-layout-flex\">\n<figure class=\"wp-block-image size-large\"><img loading=\"lazy\" decoding=\"async\" width=\"1024\" height=\"463\" data-id=\"4794\" src=\"https:\/\/www.drama-panorama.com\/en\/wp-content\/uploads\/sites\/2\/2022\/05\/dp_Logo_2020_trans_small-1024x463-1.png\" alt=\"\" class=\"wp-image-4794\" srcset=\"https:\/\/www.drama-panorama.com\/en\/wp-content\/uploads\/sites\/2\/2022\/05\/dp_Logo_2020_trans_small-1024x463-1.png 1024w, https:\/\/www.drama-panorama.com\/en\/wp-content\/uploads\/sites\/2\/2022\/05\/dp_Logo_2020_trans_small-1024x463-1-300x136.png 300w, https:\/\/www.drama-panorama.com\/en\/wp-content\/uploads\/sites\/2\/2022\/05\/dp_Logo_2020_trans_small-1024x463-1-768x347.png 768w\" sizes=\"auto, (max-width: 1024px) 100vw, 1024px\" \/><\/figure>\n\n\n\n<figure class=\"wp-block-image size-large\"><img loading=\"lazy\" decoding=\"async\" width=\"400\" height=\"89\" data-id=\"4793\" src=\"https:\/\/www.drama-panorama.com\/en\/wp-content\/uploads\/sites\/2\/2022\/05\/171020_logo_DUF_L_CMYK_Print_schwarz_klein-2.png\" alt=\"\" class=\"wp-image-4793\" srcset=\"https:\/\/www.drama-panorama.com\/en\/wp-content\/uploads\/sites\/2\/2022\/05\/171020_logo_DUF_L_CMYK_Print_schwarz_klein-2.png 400w, https:\/\/www.drama-panorama.com\/en\/wp-content\/uploads\/sites\/2\/2022\/05\/171020_logo_DUF_L_CMYK_Print_schwarz_klein-2-300x67.png 300w\" sizes=\"auto, (max-width: 400px) 100vw, 400px\" \/><\/figure>\n\n\n\n<figure class=\"wp-block-image size-large\"><img loading=\"lazy\" decoding=\"async\" width=\"1764\" height=\"431\" data-id=\"4795\" src=\"https:\/\/www.drama-panorama.com\/en\/wp-content\/uploads\/sites\/2\/2022\/05\/Logo_Neustartkultur_BKM-2.jpg\" alt=\"\" class=\"wp-image-4795\" srcset=\"https:\/\/www.drama-panorama.com\/en\/wp-content\/uploads\/sites\/2\/2022\/05\/Logo_Neustartkultur_BKM-2.jpg 1764w, https:\/\/www.drama-panorama.com\/en\/wp-content\/uploads\/sites\/2\/2022\/05\/Logo_Neustartkultur_BKM-2-300x73.jpg 300w, https:\/\/www.drama-panorama.com\/en\/wp-content\/uploads\/sites\/2\/2022\/05\/Logo_Neustartkultur_BKM-2-1024x250.jpg 1024w, https:\/\/www.drama-panorama.com\/en\/wp-content\/uploads\/sites\/2\/2022\/05\/Logo_Neustartkultur_BKM-2-768x188.jpg 768w, https:\/\/www.drama-panorama.com\/en\/wp-content\/uploads\/sites\/2\/2022\/05\/Logo_Neustartkultur_BKM-2-1536x375.jpg 1536w\" sizes=\"auto, (max-width: 1764px) 100vw, 1764px\" \/><\/figure>\n\n\n\n<figure class=\"wp-block-image size-large\"><img loading=\"lazy\" decoding=\"async\" width=\"300\" height=\"108\" data-id=\"4798\" src=\"https:\/\/www.drama-panorama.com\/en\/wp-content\/uploads\/sites\/2\/2022\/05\/LCB_Logo.pos_70_Pantone_3272-C-6-300x108-1.png\" alt=\"\" class=\"wp-image-4798\" \/><\/figure>\n\n\n\n<figure class=\"wp-block-image size-large\"><img loading=\"lazy\" decoding=\"async\" width=\"2362\" height=\"1051\" data-id=\"4790\" src=\"https:\/\/www.drama-panorama.com\/en\/wp-content\/uploads\/sites\/2\/2022\/05\/taz_Logo-1.jpg\" alt=\"\" class=\"wp-image-4790\" srcset=\"https:\/\/www.drama-panorama.com\/en\/wp-content\/uploads\/sites\/2\/2022\/05\/taz_Logo-1.jpg 2362w, https:\/\/www.drama-panorama.com\/en\/wp-content\/uploads\/sites\/2\/2022\/05\/taz_Logo-1-300x133.jpg 300w, https:\/\/www.drama-panorama.com\/en\/wp-content\/uploads\/sites\/2\/2022\/05\/taz_Logo-1-1024x456.jpg 1024w, https:\/\/www.drama-panorama.com\/en\/wp-content\/uploads\/sites\/2\/2022\/05\/taz_Logo-1-768x342.jpg 768w, https:\/\/www.drama-panorama.com\/en\/wp-content\/uploads\/sites\/2\/2022\/05\/taz_Logo-1-1536x683.jpg 1536w, https:\/\/www.drama-panorama.com\/en\/wp-content\/uploads\/sites\/2\/2022\/05\/taz_Logo-1-2048x911.jpg 2048w\" sizes=\"auto, (max-width: 2362px) 100vw, 2362px\" \/><\/figure>\n<\/figure>\n<\/div><\/div>\n\n\n\n<p><\/p>\n","protected":false},"excerpt":{"rendered":"<p>Bool launch, reading and talks<\/p>\n","protected":false},"author":48,"featured_media":4707,"parent":4668,"menu_order":1,"comment_status":"closed","ping_status":"closed","template":"","meta":{"_acf_changed":false,"footnotes":""},"class_list":["post-4674","page","type-page","status-publish","has-post-thumbnail","hentry"],"acf":[],"_links":{"self":[{"href":"https:\/\/www.drama-panorama.com\/en\/wp-json\/wp\/v2\/pages\/4674","targetHints":{"allow":["GET"]}}],"collection":[{"href":"https:\/\/www.drama-panorama.com\/en\/wp-json\/wp\/v2\/pages"}],"about":[{"href":"https:\/\/www.drama-panorama.com\/en\/wp-json\/wp\/v2\/types\/page"}],"author":[{"embeddable":true,"href":"https:\/\/www.drama-panorama.com\/en\/wp-json\/wp\/v2\/users\/48"}],"replies":[{"embeddable":true,"href":"https:\/\/www.drama-panorama.com\/en\/wp-json\/wp\/v2\/comments?post=4674"}],"version-history":[{"count":10,"href":"https:\/\/www.drama-panorama.com\/en\/wp-json\/wp\/v2\/pages\/4674\/revisions"}],"predecessor-version":[{"id":4893,"href":"https:\/\/www.drama-panorama.com\/en\/wp-json\/wp\/v2\/pages\/4674\/revisions\/4893"}],"up":[{"embeddable":true,"href":"https:\/\/www.drama-panorama.com\/en\/wp-json\/wp\/v2\/pages\/4668"}],"wp:featuredmedia":[{"embeddable":true,"href":"https:\/\/www.drama-panorama.com\/en\/wp-json\/wp\/v2\/media\/4707"}],"wp:attachment":[{"href":"https:\/\/www.drama-panorama.com\/en\/wp-json\/wp\/v2\/media?parent=4674"}],"curies":[{"name":"wp","href":"https:\/\/api.w.org\/{rel}","templated":true}]}}