{"id":4017,"date":"2021-07-26T16:56:09","date_gmt":"2021-07-26T14:56:09","guid":{"rendered":"https:\/\/www.drama-panorama.com\/en\/?page_id=4017"},"modified":"2021-07-26T17:52:41","modified_gmt":"2021-07-26T15:52:41","slug":"literary-translation-vs-surtitles","status":"publish","type":"page","link":"https:\/\/www.drama-panorama.com\/en\/projects\/panorama-1-ubertheaterubersetzen\/literary-translation-vs-surtitles\/","title":{"rendered":"Literary Translation vs. Surtitles"},"content":{"rendered":"\n<figure class=\"wp-block-image\" id=\"block-2857be6b-5bb3-4e91-b8e2-53755fee9785\"><img decoding=\"async\" src=\"https:\/\/www.drama-panorama.com\/wp-content\/uploads\/2021\/05\/1klein-2.png\" alt=\"Dieses Bild hat ein leeres Alt-Attribut. Der Dateiname ist 1klein-2.png\" \/><\/figure>\n\n\n\n<h2 class=\"wp-block-heading\" id=\"block-f923f0f6-6ae7-4989-9377-9a70b818d602\">Worksop and two panel discussions<br>21st + 22nd June 2021<br>Theater der Welt Festival D\u00fcsseldorf<\/h2>\n\n\n\n<h3 class=\"wp-block-heading\">Theater der Welt Festival D\u00fcsseldorf<\/h3>\n\n\n\n<div class=\"wp-block-buttons is-content-justification-left is-layout-flex wp-block-buttons-is-layout-flex\">\n<div class=\"wp-block-button is-style-fill\"><a class=\"wp-block-button__link has-header-textbgcolor-background-color has-background\" href=\"https:\/\/www.theaterderwelt.de\/programm\/hochschulkooperationen\/\" style=\"border-radius:48px\" target=\"_blank\" rel=\"noreferrer noopener\">LINK TO THE ONLINE STREAMS<\/a><\/div>\n\n\n\n<div class=\"wp-block-button is-style-fill\"><a class=\"wp-block-button__link has-header-textbgcolor-background-color has-background\" href=\"https:\/\/www.theaterderwelt.de\/festival\/magazin\/podcast-talkformate\/\" style=\"border-radius:31px\">LINK TO THE PODCASTS<\/a><\/div>\n<\/div>\n\n\n\n<p><a href=\"https:\/\/www.drama-panorama.com\/wp-content\/uploads\/2021\/06\/Pressemitteilung.pdf\">Link to press release on &#8220;Literary Translation vs. Surtitles&#8221; (German)<\/a><\/p>\n\n\n\n<p id=\"block-a2e5d5b5-82cd-44cd-aea7-bab8ef28576d\">&#8220;To be or not to be&#8221; belongs equally to our cultural memory as Goethe&#8217;s &#8220;And here! poor fool\u2026&#8221;. Drama translations are such an everyday normality on our stages that sometimes we&#8217;re not even aware that we&#8217;re dealing with a translation. The painful maxim therefore applies to the literary translation of drama for the stage: the better the translation, the clearer the author&#8217;s voice, the more invisible the translator.<\/p>\n\n\n\n<p id=\"block-a31c934d-d351-4fca-8cb8-f300007e8efb\">Drama translation is intended to be spoken, theatre surtitles have to be quickly legible. Is the latter literature too? What does that mean for the style, rhythm and quality of the text? Are theatre surtitles and drama translations two sides of the same coin, or two entirely different fields that are loosely related? Do they interfere with or benefit each other? We wish to pursue these questions practically in a workshop and on a theoretical level in two panel discussions.<\/p>\n\n\n\n<figure class=\"wp-block-table is-style-stripes\"><table><tbody><tr><td>21.06.2021<br>12:00 &#8211; 16:00 <\/td><td><strong>DRAG\u00d3N &#8211; THE THREE-HEADED DRAGON<\/strong><br><strong>Translating drama and theatre surtitling in practice<\/strong><br><em>Translation workshop<\/em><\/td><\/tr><tr><td>21.06.2021<br>21:00 <\/td><td><strong>Between politics and theatre &#8211; Guillermo Calder\u00f3n&#8217;s work translated for the German stage<\/strong><br><em>Panel discussion<\/em><\/td><\/tr><tr><td>22.06.2021<br>18:00 <\/td><td><strong>Drama translation versus surtitles<\/strong><br><em>Panel discussion<\/em><\/td><\/tr><\/tbody><\/table><\/figure>\n\n\n\n<p>\ufeff<\/p>\n\n\n\n<h3 class=\"wp-block-heading\" id=\"block-558be4e4-2508-4718-85a3-5f99c2ee8d81\"><strong>DRAG\u00d3N &#8211; THE THREE-HEADED DRAGON<\/strong><br><strong>Translating drama and theatre surtitling in practice<\/strong><br><em>Translation workshop<\/em><\/h3>\n\n\n\n<p>Translating drama presents very different challenges depending on the play and context: how do you translate differently if you&#8217;re translating for a German production or surtitling a touring production? What does the limited space of the surtitle and the need for legibility\/rhythm do to the text? How do you deal with wordplay and local references? How can the subtleties of language be compensated for despite the shortening, which aspects are highlighted as a result of this brevity? What different challenges do we face when translating and surtitling in digital and analogue formats? <\/p>\n\n\n\n<p id=\"block-da522f34-3d52-4192-b2d5-866b52cd544c\">We will work on the example of the Chilean play <em>Drag\u00f3n<\/em> by Guillermo Calder\u00f3n, which has been translated by translator Franziska Muche both as a &#8220;literary translation&#8221; and will be surtitled during the Theater der Welt festival, along with selected excerpts chosen by the participants. The workshop will take place digitally as an online seminar, participation is free. We will provide more information should you be accepted to participate. We will work across languages; knowledge of Spanish is not a requirement.<\/p>\n\n\n\n<p id=\"block-31cb7ff9-e320-416f-a837-c3dc99207d39\"><strong>REQUIREMENTS<br><\/strong><br>The workshop is aimed at translators, students and theatre-makers.<br>Please send your application by email with a CV and a brief introduction letter to: Drama Panorama e. V., Dorothea Lautenschl\u00e4ger <a href=\"mailto:dorothea.lautenschlaeger@drama-panorama.com\">dorothea.lautenschlaeger@drama-panorama.com<\/a>.<br>Applicants have the option to send in a short text excerpt in original and translation\/surtitles (max. 1500 characters), which provide an example of specific problems\/questions.<br><strong>Application deadline extended to 10th June!<\/strong><br>The binding invitation to the workshop will be sent on <strong>14th June 2021<\/strong>.<\/p>\n\n\n\n<p id=\"block-d349e34b-1540-45ea-a414-f0bc71959379\"><em>Facilitated by: Franziska Muche \/\/ Lecture: Dr Yvonne Griesel \/\/ Opening remarks: PD Dr. Vera Elisabeth Gerling<\/em><\/p>\n\n\n\n<h3 class=\"wp-block-heading\" id=\"block-b4c3c560-e8e6-47c5-8ec4-26f30b6ce88a\"><strong>Drama translation versus surtitles<\/strong><br><em>Panel discussion<\/em><\/h3>\n\n\n\n<p>More and more frequently surtitles are used to communicate the language spoken on the stage. Usually a new translation is produced for each specific production \u2013 according to the practical aspects in terms of timing and space determined by the production. Or the surtitles are based on existing versions, and translations of drama are adapted for the surtitles \u2013 this requires a very different focus and provides opportunities, but also contains some traps, because in this case the surtitler shortens a text that has been carefully composed by the dramaturgy department. Different worlds collide. What conflicts can arise, what are the specifics, where are the opportunities in cooperations like these?<\/p>\n\n\n\n<p id=\"block-da6e7b43-5050-4005-8c48-4f7a4c4ffcfa\"><em>Discussion with: Christopher-Fares K\u00f6hler (Dortmund), Karen Witthuhn (Hamburg), Uli Menke (Brest), Franziska Muche (Berlin)<\/em> \/\/ Chaired by: Dr. Yvonne Griesel (Sprachspiel) \/\/ Introduction: PD Dr. Vera Elisabeth Gerling, Heinrich Heine University D\u00fcsseldorf<\/p>\n\n\n\n<h3 class=\"wp-block-heading\" id=\"block-b19801c2-d15a-437f-8d5a-e79bf78202e4\"><strong>Between politics and theatre &#8211;<\/strong><br><strong>Guillermo Calder\u00f3n and his translations<\/strong><br><em>Podium<\/em><\/h3>\n\n\n\n<p id=\"block-0133d216-61b6-4da4-900e-c375fcc2a3b8\">Guillermo Calder\u00f3n (Santiago de Chile), writer and director of the guest production &#8220;Drag\u00f3n&#8221; in discussion with Almut Wagner, head dramaturge of the Residenztheater M\u00fcnchen, on social reception and language transfer using the example of his plays.&nbsp;Chaired by Hedda Kage, who will draw attention to problems of translating local and political references to the German-speaking context based on the themes in his work. <\/p>\n\n\n\n<p id=\"block-356a1046-debd-41a0-a779-2df018c36532\"><em>Welcome and chairing of the panel discussion afterwards: PD Dr. Vera Elisabeth Gerling, Heinrich Heine University D\u00fcsseldorf.<\/em><\/p>\n\n\n\n<figure class=\"wp-block-gallery aligncenter columns-3 wp-block-gallery-1 is-layout-flex wp-block-gallery-is-layout-flex\"><ul class=\"blocks-gallery-grid\"><li class=\"blocks-gallery-item\"><figure><img decoding=\"async\" src=\"https:\/\/www.drama-panorama.com\/wp-content\/uploads\/2021\/05\/1klein-3-300x93.png\" alt=\"\" data-id=\"6262\" data-link=\"https:\/\/www.drama-panorama.com\/aktuelle-projekte\/1-uebertheateruebersetzen\/queer-in-translation\/1klein-3\/\" class=\"wp-image-6262\" \/><\/figure><\/li><li class=\"blocks-gallery-item\"><figure><img decoding=\"async\" src=\"https:\/\/www.drama-panorama.com\/wp-content\/uploads\/2021\/05\/ITI_Logo_1-SO-DE_CMYK_RZ_20091824791-300x245.jpg\" alt=\"\" data-id=\"6449\" data-full-url=\"https:\/\/www.drama-panorama.com\/wp-content\/uploads\/2021\/05\/ITI_Logo_1-SO-DE_CMYK_RZ_20091824791.jpg\" data-link=\"https:\/\/www.drama-panorama.com\/aktuelle-projekte\/1-uebertheateruebersetzen\/literarische-uebersetzung-vs-uebertitel\/iti_logo_1-so-de_cmyk_rz_20091824791\/\" class=\"wp-image-6449\" \/><\/figure><\/li><li class=\"blocks-gallery-item\"><figure><img decoding=\"async\" src=\"https:\/\/www.drama-panorama.com\/wp-content\/uploads\/2021\/05\/hhu_logo-300x75.png\" alt=\"\" data-id=\"6354\" data-link=\"https:\/\/www.drama-panorama.com\/aktuelle-projekte\/1-uebertheateruebersetzen\/literarische-uebersetzung-vs-uebertitel\/hhu_logo\/\" class=\"wp-image-6354\" \/><\/figure><\/li><\/ul><\/figure>\n\n\n\n<figure class=\"wp-block-gallery aligncenter columns-3 wp-block-gallery-2 is-layout-flex wp-block-gallery-is-layout-flex\"><ul class=\"blocks-gallery-grid\"><li class=\"blocks-gallery-item\"><figure><img decoding=\"async\" src=\"https:\/\/www.drama-panorama.com\/wp-content\/uploads\/2021\/05\/bureaujohanneserler_theaterderwelt_Logo_4-300x187.png\" alt=\"\" data-id=\"6355\" data-link=\"https:\/\/www.drama-panorama.com\/aktuelle-projekte\/1-uebertheateruebersetzen\/literarische-uebersetzung-vs-uebertitel\/bureaujohanneserler_theaterderwelt_logo_4\/\" class=\"wp-image-6355\" \/><\/figure><\/li><li class=\"blocks-gallery-item\"><figure><img decoding=\"async\" src=\"https:\/\/www.drama-panorama.com\/wp-content\/uploads\/2021\/05\/neustart-logo-2-1-300x249.jpg\" alt=\"\" data-id=\"6254\" data-link=\"https:\/\/www.drama-panorama.com\/aktuelle-projekte\/1-uebertheateruebersetzen\/queer-in-translation\/neustart-logo-2-1\/\" class=\"wp-image-6254\" \/><\/figure><\/li><li class=\"blocks-gallery-item\"><figure><img decoding=\"async\" src=\"https:\/\/www.drama-panorama.com\/wp-content\/uploads\/2021\/05\/logo-uefonds-300x67.png\" alt=\"\" data-id=\"6253\" data-link=\"https:\/\/www.drama-panorama.com\/aktuelle-projekte\/1-uebertheateruebersetzen\/queer-in-translation\/logo-uefonds\/\" class=\"wp-image-6253\" \/><\/figure><\/li><\/ul><\/figure>\n","protected":false},"excerpt":{"rendered":"<p>Worksop and two panel discussions21st + 22nd June 2021Theater der Welt Festival D\u00fcsseldorf Theater der Welt Festival D\u00fcsseldorf Link to press release on &#8220;Literary Translation vs. Surtitles&#8221; (German) &#8220;To be or not to be&#8221; belongs equally to our cultural memory as Goethe&#8217;s &#8220;And here! poor&hellip; <a class=\"read-more\" href=\"https:\/\/www.drama-panorama.com\/en\/projects\/panorama-1-ubertheaterubersetzen\/literary-translation-vs-surtitles\/\">Read more<\/a><\/p>\n","protected":false},"author":1,"featured_media":0,"parent":4005,"menu_order":4,"comment_status":"closed","ping_status":"closed","template":"","meta":{"_acf_changed":false,"footnotes":""},"class_list":["post-4017","page","type-page","status-publish","hentry"],"acf":[],"_links":{"self":[{"href":"https:\/\/www.drama-panorama.com\/en\/wp-json\/wp\/v2\/pages\/4017","targetHints":{"allow":["GET"]}}],"collection":[{"href":"https:\/\/www.drama-panorama.com\/en\/wp-json\/wp\/v2\/pages"}],"about":[{"href":"https:\/\/www.drama-panorama.com\/en\/wp-json\/wp\/v2\/types\/page"}],"author":[{"embeddable":true,"href":"https:\/\/www.drama-panorama.com\/en\/wp-json\/wp\/v2\/users\/1"}],"replies":[{"embeddable":true,"href":"https:\/\/www.drama-panorama.com\/en\/wp-json\/wp\/v2\/comments?post=4017"}],"version-history":[{"count":9,"href":"https:\/\/www.drama-panorama.com\/en\/wp-json\/wp\/v2\/pages\/4017\/revisions"}],"predecessor-version":[{"id":4296,"href":"https:\/\/www.drama-panorama.com\/en\/wp-json\/wp\/v2\/pages\/4017\/revisions\/4296"}],"up":[{"embeddable":true,"href":"https:\/\/www.drama-panorama.com\/en\/wp-json\/wp\/v2\/pages\/4005"}],"wp:attachment":[{"href":"https:\/\/www.drama-panorama.com\/en\/wp-json\/wp\/v2\/media?parent=4017"}],"curies":[{"name":"wp","href":"https:\/\/api.w.org\/{rel}","templated":true}]}}