{"id":3441,"date":"2018-01-02T13:49:00","date_gmt":"2018-01-02T12:49:00","guid":{"rendered":"https:\/\/www.drama-panorama.com\/en\/?page_id=3441"},"modified":"2022-05-23T14:13:21","modified_gmt":"2022-05-23T12:13:21","slug":"premieres","status":"publish","type":"page","link":"https:\/\/www.drama-panorama.com\/en\/premieres\/","title":{"rendered":"Premieres"},"content":{"rendered":"<p>A selection of premieres of plays translated by members<\/p>\n<div class=\"list event-list list-layout\"><div id=\"post-4229\" class=\"list-item event post-4229\"><h3 class=\"event-heading item-heading\"><strong>14.01.2001<\/strong> <span class=\"event-title\"> WINTERVOGEL<\/span> by Adam Rapp, translated from American English by Henning Bochert, <a href=\"https:\/\/www.wlb-esslingen.de\" target=\"_blank\">W\u00fcrttembergische Landesb\u00fchne Esslingen<\/a><\/h3><\/div><div id=\"post-4230\" class=\"list-item event post-4230\"><h3 class=\"event-heading item-heading\"><strong>24.10.2009<\/strong> <span class=\"event-title\"> DARK PLAY oder GESCHICHTEN F\u00dcR JUNGS<\/span> by Carlos Murillo, translated from American English by Henning Bochert, <a href=\"http:\/\/www.theateraalen.de\" target=\"_blank\">Theater Aalen<\/a><\/h3><\/div><div id=\"post-4231\" class=\"list-item event post-4231\"><h3 class=\"event-heading item-heading\"><strong>20.03.2011<\/strong> <span class=\"event-title\"> VERMISCHTE MELDUNGEN ODER DIE GANZEN BLUTIGEN DETAILS<\/span> by Carlos Murillo, translated from American English by Henning Bochert, <a href=\"http:\/\/www.theateraalen.de\" target=\"_blank\">Theater Aalen<\/a><\/h3><\/div><div id=\"post-4227\" class=\"list-item event post-4227\"><h3 class=\"event-heading item-heading\"><strong>15.09.2016<\/strong> <span class=\"event-title\"> AM BODEN<\/span> by George Brant, translated from American English by Henning Bochert, <a href=\"https:\/\/www.tobs.ch\" target=\"_blank\">Theater Orchester Biel-Solothurn<\/a><\/h3><\/div><div id=\"post-4228\" class=\"list-item event post-4228\"><h3 class=\"event-heading item-heading\"><strong>29.09.2017<\/strong> <span class=\"event-title\"> AM BODEN<\/span> by George Brant, translated from American English by Henning Bochert, <a href=\"https:\/\/www.g-h-t.de\/de\/Spielplan\/?vkdetails=1653&lnr=8498&vv=&zt=2017-11\" target=\"_blank\">Gerhart-Hauptmann-Theater Zittau<\/a><\/h3><\/div><div id=\"post-4224\" class=\"list-item event post-4224\"><h3 class=\"event-heading item-heading\"><strong>11.12.2017<\/strong> <span class=\"event-title\"> AM BODEN<\/span> by George Brant, translated from American English by Henning Bochert, <a href=\"http:\/\/theateruntermdach-berlin.de\/spielplan.html\" target=\"_blank\">Theater unterm Dach<\/a><\/h3><\/div><div id=\"post-4226\" class=\"list-item event post-4226\"><h3 class=\"event-heading item-heading\"><strong>24.03.2018<\/strong> <span class=\"event-title\"> DANCER IN THE DARK<\/span> by Patrick Ellsworth, translated from American English into German by Henning Bochert, <a href=\"https:\/\/www.thalia-theater.de\/de\/spielplan\/repertoire\/dancer-in-the-dark\/\" target=\"_blank\">Thalia-Theater Hamburg<\/a><\/h3><\/div><div id=\"post-4225\" class=\"list-item event post-4225\"><h3 class=\"event-heading item-heading\"><strong>09.06.2018<\/strong> <span class=\"event-title\"> YOUR VERY OWN DOUBLE CRISIS CLUB<\/span> by Sivan Ben Yishai, translated from English by Henning Bochert, <a href=\"http:\/\/www.kasemattentheater.lu\/online\/www\/content\/programm\/DEU\/1603.html\" target=\"_blank\">Kasemattentheater Luxemburg<\/a><\/h3><\/div><div id=\"post-4235\" class=\"list-item event post-4235\"><h3 class=\"event-heading item-heading\"><strong>09.06.2018<\/strong> <span class=\"event-title\"> YOUR VERY OWN DOUBLE CRISIS CLUB<\/span> by Sivan Ben Yishai, translated from English by Henning Bochert, <a href=\"http:\/\/www.kasemattentheater.lu\/online\/www\/content\/programm\/DEU\/1603.html\" target=\"_blank\">Kasemattentheater Luxemburg<\/a><\/h3><\/div><div id=\"post-4234\" class=\"list-item event post-4234\"><h3 class=\"event-heading item-heading\"><strong>10.06.2018<\/strong> <span class=\"event-title\"> O QUE N\u00c3O ACONTECE<\/span> by  Sofia Dias and V\u00edtor Roriz, translated from English by Henning Bochert, <a href=\"https:\/\/www.theaterformen.de\/de\/programm\/was-nicht-passiert\" target=\"_blank\">Festival Theaterformen<\/a><\/h3><\/div><div id=\"post-4233\" class=\"list-item event post-4233\"><h3 class=\"event-heading item-heading\"><strong>16.06.2018<\/strong> <span class=\"event-title\"> AM BODEN<\/span> by George Brant, translated from English by Henning Bochert, <a href=\"http:\/\/www.staatstheater.karlsruhe.de\/programm\/info\/2745\/\" target=\"_blank\">Badisches Staatstheater Karlsruhe<\/a><\/h3><\/div><div id=\"post-4232\" class=\"list-item event post-4232\"><h3 class=\"event-heading item-heading\"><strong>06.10.2018<\/strong> <span class=\"event-title\"> YOUR VERY OWN DOUBLE CRISIS CLUB<\/span> by Sivan Ben Yishai, translated from English by Henning Bochert, <a href=\"http:\/\/www.theaterkonstanz.de\" target=\"_blank\">Theater Konstanz<\/a><\/h3><\/div><div id=\"post-4237\" class=\"list-item event post-4237\"><h3 class=\"event-heading item-heading\"><strong>22.11.2019<\/strong> <span class=\"event-title\"> AM BODEN<\/span> by George Brant, Henning Bochert, <a href=\"http:\/\/www.off.theater\/terminDetail\/Zu-Gast-im-OFF-Am-Boden\/?idTermin=190481\" target=\"_blank\">Theater Direct zu Gast im Off-Theater Salzburg<\/a><\/h3><\/div><div id=\"post-4238\" class=\"list-item event post-4238\"><h3 class=\"event-heading item-heading\"><strong>07.01.2020<\/strong> <span class=\"event-title\"> LEEMAN BROTHERS. AUFSTIEG UND FALL EINER DYNASTIE<\/span> by Stefano Massini, Gerda Poschmann, <a href=\"https:\/\/www.vaganten.de\/stuecke\/lehman-brothers\/\" target=\"_blank\">Vagantenb\u00fchne Berlin<\/a><\/h3><\/div><div id=\"post-4239\" class=\"list-item event post-4239\"><h3 class=\"event-heading item-heading\"><strong>10.01.2020 \u2013 11.01.2020<\/strong> <span class=\"event-title\"> Kvartira | \u041a\u0432\u0430\u0440\u0442\u0438\u0440\u0430 \u2013 M\u00e4rchenfabrik<\/span> by Boris Pavlovich, interpreted from Russian by Irina Bondas, <a href=\"https:\/\/www.hellerau.org\/de\/event\/kvartira-maerchenfabrik\/\" target=\"_blank\">Hellerau - European Center of the Arts<\/a><\/h3><\/div><div id=\"post-4240\" class=\"list-item event post-4240\"><h3 class=\"event-heading item-heading\"><strong>15.01.2020 \u2013 16.01.2020<\/strong> <span class=\"event-title\"> Das Feld | \u041f\u043e\u043b\u0435<\/span> by Dmitry Volkostrelov\/Pavel Pryazhko\/teatr post, interpreted from Russian by Irina Bondas, <a href=\"https:\/\/www.hellerau.org\/de\/event\/das-feld\/\" target=\"_blank\">Hellerau - European Center of the Arts<\/a><\/h3><\/div><div id=\"post-4241\" class=\"list-item event post-4241\"><h3 class=\"event-heading item-heading\"><strong>17.01.2020<\/strong> <span class=\"event-title\"> DJ Pavel | \u0414\u0438\u0434\u0436\u0435\u0439 \u041f\u0430\u0432\u0435\u043b<\/span> by K. Volkova\/D. Volkostrelov\/D. Korobkov\/I. Nikolaev\/M. Petrov\/A. Platunov\/D. Renansky\/A.Starostina\/teatr post, translated from Russian by Irina Bondas, <a href=\"https:\/\/www.hellerau.org\/de\/event\/dj-pavel\/\" target=\"_blank\">Hellerau - European Center of the Arts<\/a><\/h3><\/div><div id=\"post-4242\" class=\"list-item event post-4242\"><h3 class=\"event-heading item-heading\"><strong>25.01.2020<\/strong> <span class=\"event-title\"> The Legend of Georgia McBride<\/span> by Matthew Lopez, translated from American English by Hannes Becker, <a href=\"https:\/\/www.staatstheater-nuernberg.de\/spielplan-19-20\/the-legend-of-georgia-mcbride-dse\/25-01-2020\/1930\" target=\"_blank\">Staatstheater N\u00fcrnberg<\/a><\/h3><\/div><div id=\"post-4245\" class=\"list-item event post-4245\"><h3 class=\"event-heading item-heading\"><strong>31.12.2020<\/strong> <span class=\"event-title\"> Die Maschine in mir (Version 1.0)<\/span> by Dead Centre und Mark O'Connell, translated from English by Henning Bochert, <a href=\"https:\/\/www.burgtheater.at\/veranstaltungen\/die-maschine-mir-version-10\/2020-12-31\" target=\"_blank\">Burgtheater<\/a><\/h3><\/div><div id=\"post-4246\" class=\"list-item event post-4246\"><h3 class=\"event-heading item-heading\"><strong>21.04.2021<\/strong> <span class=\"event-title\"> Yayati<\/span> by Girish Karnad, translated from English by Henning Bochert, <a href=\"http:\/\/www.teamtheater.de\/teamtheaterglobal.html\" target=\"_blank\">GLOBAL Festival of Teamtheater Tankstelle<\/a><\/h3><\/div><div id=\"post-4243\" class=\"list-item event post-4243\"><h3 class=\"event-heading item-heading\"><strong>23.04.2021<\/strong> <span class=\"event-title\"> Phantasmagoria<\/span> by Deepika Arwind, translated from English by Henning Bochert, <a href=\"http:\/\/www.teamtheater.de\/teamtheaterglobal.html\" target=\"_blank\">GLOBAL Festival by Teamtheater Tankstelle<\/a><\/h3><\/div><div id=\"post-4247\" class=\"list-item event post-4247\"><h3 class=\"event-heading item-heading\"><strong>18.05.2021<\/strong> <span class=\"event-title\"> Midnight Movie<\/span> by Eve Leigh, translated from UK English by Henning Bochert, <a href=\"https:\/\/digital.berlinerfestspiele.de\/stueckemarkt\/midnight-movie\" target=\"_blank\">St\u00fcckemarkt Theatertreffen<\/a><\/h3><\/div><div id=\"post-4399\" class=\"list-item event post-4399\"><h3 class=\"event-heading item-heading\"><strong>09.09.2021<\/strong> <span class=\"event-title\"><a href=\"https:\/\/ensembleintegral.de\/produktionen\/unsere-klasse\/\" target=\"_blank\">Unsere Klasse. Eine Geschichte in Vierzehn Lektionen<\/a><\/span> by Tadeuzs Slobodzianek, translated from Polish by Andreas Volk, <a href=\"https:\/\/ensembleintegral.de\/\" target=\"_blank\">Ensemble Integral K\u00f6ln<\/a><\/h3><\/div><div id=\"post-4375\" class=\"list-item event post-4375\"><h3 class=\"event-heading item-heading\"><strong>18.09.2021<\/strong> <span class=\"event-title\"><a href=\"https:\/\/www.nationaltheater-weimar.de\/de\/programm\/stueck-detail.php?SID=2643\" target=\"_blank\">Am Boden<\/a><\/span> by George Brant, translated from American English by Henning Bochert, <a href=\"https:\/\/www.nationaltheater-weimar.de\" target=\"_blank\">Nationaltheater Weimar<\/a><\/h3><\/div><div id=\"post-4398\" class=\"list-item event post-4398\"><h3 class=\"event-heading item-heading\"><strong>19.09.2021<\/strong> <span class=\"event-title\"><a href=\"https:\/\/www.thalia-theater.de\/stueck\/die-jakobsbuecher-2020\" target=\"_blank\">Die Jakobsb\u00fccher<\/a><\/span> by Olga Tokarczuk, translated from Polish by Andreas Volk, <a href=\"https:\/\/www.thalia-theater.de\/\" target=\"_blank\">Thalia Theater, Hamburg<\/a><\/h3><\/div><div id=\"post-4397\" class=\"list-item event post-4397\"><h3 class=\"event-heading item-heading\"><strong>02.10.2021<\/strong> <span class=\"event-title\"><a href=\"https:\/\/www.schaubuehne.de\/de\/produktionen\/szenische-lesung.html?ID_Vorstellung=4633&amp;m=398\" target=\"_blank\">Drag\u00f3n<\/a><\/span> by Guillermo Calder\u00f3n, translated from Spanish by Franziska Muche, <a href=\"https:\/\/www.schaubuehne.de\/de\/start\/index.html\" target=\"_blank\">Schaub\u00fchne am Lehniner Platz, Berlin<\/a><\/h3><\/div><div id=\"post-4396\" class=\"list-item event post-4396\"><h3 class=\"event-heading item-heading\"><strong>16.10.2021<\/strong> <span class=\"event-title\"><a href=\"https:\/\/www.theater-osnabrueck.de\/spielplan-detail\/?stid=28&amp;auid=31516\" target=\"_blank\">The Writer<\/a><\/span> by Ella Hickson, translated from English by Lisa Wegener, <a href=\"https:\/\/www.theater-osnabrueck.de\/\" target=\"_blank\">Theater Osnabr\u00fcck<\/a><\/h3><\/div><div id=\"post-4456\" class=\"list-item event post-4456\"><h3 class=\"event-heading item-heading\"><strong>27.10.2021<\/strong> <span class=\"event-title\"> Project S.T.R.I.P<\/span> by Ram Ganesh Kamatham, translated from English by Anna Opel, <a href=\"https:\/\/www.teamtheater.de\/\" target=\"_blank\">Team Theater M\u00fcnchen<\/a><\/h3><\/div><div id=\"post-4526\" class=\"list-item event post-4526\"><h3 class=\"event-heading item-heading\"><strong>19.11.2021<\/strong> <span class=\"event-title\"><a href=\"https:\/\/staatstheater-augsburg.de\/mary_page_marlowe_eine_frau\" target=\"_blank\">Mary Page Marlowe &#8211; Eine Frau<\/a><\/span> by Tracy Letts, translated from English by Anna Opel, <a href=\"https:\/\/staatstheater-augsburg.de\/home\" target=\"_blank\">Staatstheater Augsburg<\/a><\/h3><\/div><div id=\"post-4244\" class=\"list-item event post-4244\"><h3 class=\"event-heading item-heading\"><strong>15.01.2022<\/strong> <span class=\"event-title\"><a href=\"https:\/\/www.dhaus.de\/programm\/a-z\/das-tribunal\/\" target=\"_blank\">Das Tribunal<\/a><\/span> by Dawn King, translated from English by Henning Bochert, <a href=\"https:\/\/www.dhaus.de\/stadtkollektiv\/\" target=\"_blank\">Stadt: Kollektiv, D\u00fcsseldorfer Schauspielhaus<\/a><\/h3><\/div><div id=\"post-4394\" class=\"list-item event post-4394\"><h3 class=\"event-heading item-heading\"><strong>21.01.2022<\/strong> <span class=\"event-title\"><a href=\"https:\/\/www.staatstheater-wiesbaden.de\/schauspiel\/premieren-2021-2022\/the-minutes\/\" target=\"_blank\">The Minutes<\/a><\/span> by  Tracy Letts, translated from English by Anna Opel, <a href=\"https:\/\/www.staatstheater-wiesbaden.de\/schauspiel\/premieren-2021-2022\/the-minutes\/\" target=\"_blank\">Hessisches Staatstheater Wiesbaden<\/a><\/h3><\/div><div id=\"post-4573\" class=\"list-item event post-4573\"><h3 class=\"event-heading item-heading\"><strong>22.01.2022<\/strong> <span class=\"event-title\"><a href=\"https:\/\/www.thalia-theater.de\/stueck\/der-schwarze-moench-2021\" target=\"_blank\">Der schwarze M\u00f6nch<\/a><\/span> by Kirill Serebrennikow , from the Russian by Yvonne Griesel, <a href=\"https:\/\/www.thalia-theater.de\/\" target=\"_blank\">Thalia Theater Hamburg<\/a><\/h3><\/div><div id=\"post-4557\" class=\"list-item event post-4557\"><h3 class=\"event-heading item-heading\"><strong>27.01.2022<\/strong> <span class=\"event-title\"><a href=\"https:\/\/www.dt-goettingen.de\/stueck\/am-boden\/\" target=\"_blank\">Am Boden<\/a><\/span> by George Brant, from American English by Henning Bochert, <a href=\"https:\/\/www.dt-goettingen.de\/stueck\/am-boden\/\" target=\"_blank\">Deutsches Theater G\u00f6ttingen<\/a><\/h3><\/div><div id=\"post-4566\" class=\"list-item event post-4566\"><h3 class=\"event-heading item-heading\"><strong>30.01.2022<\/strong> <span class=\"event-title\"><a href=\"https:\/\/www.residenztheater.de\/stuecke\/detail\/das-vermaechtnis\" target=\"_blank\">Das Verm\u00e4chtnis (The Inheritance)<\/a><\/span> by Matthew Lopez, from the English by Hannes Becker, <a href=\"www.residenztheater.de\" target=\"_blank\">Residenztheater M\u00fcnchen<\/a><\/h3><\/div><div id=\"post-4574\" class=\"list-item event post-4574\"><h3 class=\"event-heading item-heading\"><strong>03.02.2022<\/strong> <span class=\"event-title\"><a href=\"https:\/\/www.muenchner-kammerspiele.de\/de\/programm\/45-der-sprung-vom-elfenbeinturm\" target=\"_blank\">Der Sprung vom Elfenbeinturm<\/a><\/span> by Gisela Elsner adapted by Pinar Karabulut and Mehdi Moradpur, with Surtitles by Anna Galt, <a href=\"https:\/\/www.muenchner-kammerspiele.de\/de\/\" target=\"_blank\">M\u00fcnchner Kammerspiele<\/a><\/h3><\/div><div id=\"post-4621\" class=\"list-item event post-4621\"><h3 class=\"event-heading item-heading\"><strong>20.03.2022<\/strong> <span class=\"event-title\"><a href=\"https:\/\/www.dampfzentrale.ch\/event\/la-cie-pierre-caillou-nicht-alle-eltern-sind-pinguine-maerz-2022\/\" target=\"_blank\">Nicht alle Eltern sind Pinguine<\/a><\/span> by Aude Bourrier, translated from French by Mara Lina Simon and Clara Eden, <a href=\"https:\/\/www.dampfzentrale.ch\/\" target=\"_blank\">Dampfzentrale Bern<\/a><\/h3><\/div><div id=\"post-4633\" class=\"list-item event post-4633\"><h3 class=\"event-heading item-heading\"><strong>22.04.2022<\/strong> <span class=\"event-title\"><a href=\"https:\/\/staatstheater-hannover.de\/en_EN\/programm\/das-vermaechtnis.1302553\" target=\"_blank\">Das Verm\u00e4chtnis (The Inheritance)<\/a><\/span> by Matthew Lopez, from the English by Hannes Becker, <a href=\"https:\/\/staatstheater-hannover.de\/en_EN\" target=\"_blank\">Staatstheater Hannover<\/a><\/h3><\/div><div id=\"post-4608\" class=\"list-item event post-4608\"><h3 class=\"event-heading item-heading\"><strong>11.06.2022<\/strong> <span class=\"event-title\"><a href=\"https:\/\/www.staatstheater-darmstadt.de\/veranstaltungen\/amsterdam.981\/\" target=\"_blank\">Amsterdam<\/a><\/span> by Maya Arad-Yasur, translated from Hebrew by Matthias Naumann, <a href=\"https:\/\/www.staatstheater-darmstadt.de\/\" target=\"_blank\">Staatstheater Darmstadt<\/a><\/h3><\/div><div id=\"post-4827\" class=\"list-item event post-4827\"><h3 class=\"event-heading item-heading\"><strong>02.09.2022<\/strong> <span class=\"event-title\"><a href=\"https:\/\/www.dhaus.de\/programm\/spielzeit-22-23\/othello\/\" target=\"_blank\">Othello<\/a><\/span> by William Shakespeare\/Lara Foot, translated from English to German by Erich Fried\/Henning Bochert, <a href=\"https:\/\/www.dhaus.de\" target=\"_blank\">D\u00fcsseldorfer Schauspielhaus<\/a><\/h3><\/div><div id=\"post-4917\" class=\"list-item event post-4917\"><h3 class=\"event-heading item-heading\"><strong>04.09.2022<\/strong> <span class=\"event-title\"><a href=\" https:\/\/www.pumpenhaus.de\/37143\/\" target=\"_blank\">Cuando pases sobre mi tumba \/ Gehst du an meinem Grab vor\u00fcber<\/a><\/span> by Sergio Blanco, translated from Spanish by Franziska Muche, <a href=\"https:\/\/www.pumpenhaus.de\/\" target=\"_blank\">Pumpenhaus M\u00fcnster<\/a><\/h3><\/div><div id=\"post-4830\" class=\"list-item event post-4830\"><h3 class=\"event-heading item-heading\"><strong>09.09.2022<\/strong> <span class=\"event-title\"><a href=\"https:\/\/anhaltisches-theater.de\/midnight_movie\" target=\"_blank\">Midnight Movie<\/a><\/span> by by Eve Leigh, translated from English by Henning Bochert, <a href=\"https:\/\/anhaltisches-theater.de\" target=\"_blank\">Anhaltisches Theater Dessau<\/a><\/h3><\/div><div id=\"post-4786\" class=\"list-item event post-4786\"><h3 class=\"event-heading item-heading\"><strong>10.09.2022<\/strong> <span class=\"event-title\"><a href=\"https:\/\/www.theater-bonn.de\/de\/programm\/wildfire-road-ua\/195902\" target=\"_blank\">Fl\u00e4chenbrand (Wildfire Road)<\/a><\/span> by Eve Leigh, translated from English by Henning Bochert, <a href=\"https:\/\/www.theater-bonn.de\" target=\"_blank\">Theater Bonn<\/a><\/h3><\/div><div id=\"post-4965\" class=\"list-item event post-4965\"><h3 class=\"event-heading item-heading\"><strong>24.09.2022<\/strong> <span class=\"event-title\"><a href=\"https:\/\/staatstheater.de\/programm\/schauspiel\/spielzeit-2223\/die-schlacht-am-mackie-creek\" target=\"_blank\">The Minutes &#8211; Die Schlacht am Mackie Creek<\/a><\/span> by Tracy Letts, translated from American English by Anna Opel, <a href=\"https:\/\/staatstheater.de\/startseite\" target=\"_blank\">Staatstheater Oldenburg<\/a><\/h3><\/div><div id=\"post-5016\" class=\"list-item event post-5016\"><h3 class=\"event-heading item-heading\"><strong>03.12.2022<\/strong> <span class=\"event-title\"><a href=\"https:\/\/www.theater-muenster.com\/produktionen\/das-vermaechtnis-1-teil-92.html\" target=\"_blank\">Das Verm\u00e4chtnis (The Inheritance)<\/a><\/span> by Matthew Lopez, translated from the English by Hannes Becker, <a href=\"www.theater-muenster.com\" target=\"_blank\">Theater M\u00fcnster<\/a><\/h3><\/div><div id=\"post-5122\" class=\"list-item event post-5122\"><h3 class=\"event-heading item-heading\"><strong>21.04.2023 \u2013 22.04.2023<\/strong> <span class=\"event-title\"><a href=\"https:\/\/www.processseries.unc.edu\/body\" target=\"_blank\">Body W\/O Borders<\/a><\/span> by \u00d6zlem \u00d6zg\u00fcl D\u00fcndar, translated into English by Henning Bochert, <a href=\"https:\/\/www.processseries.unc.edu\/body\" target=\"_blank\">Swain Hall, University of North Carolina, Chapel Hill, NC, USA<\/a><\/h3><\/div><div id=\"post-4837\" class=\"list-item event post-4837\"><h3 class=\"event-heading item-heading\"><strong>26.05.2023<\/strong> <span class=\"event-title\"><a href=\"https:\/\/is.gd\/wDCknL\" target=\"_blank\">Das Tribunal (The Trials)<\/a><\/span> by Dawn King, translated from English by Henning Bochert, <a href=\"https:\/\/theater-bielefeld.de\" target=\"_blank\">Theater Bielefeld<\/a><\/h3><\/div><div id=\"post-5200\" class=\"list-item event post-5200\"><h3 class=\"event-heading item-heading\"><strong>15.09.2023<\/strong> <span class=\"event-title\"><a href=\"https:\/\/www.jt-bonn.de\/stuecke\/details\/?tx_theatre_play%5Bplay%5D=134&tx_theatre_play%5Baction%5D=show&tx_theatre_play%5Bcontroller%5D=Play&cHash=9cbd7a63dd17a15d67fd69c6e1ed2457\" target=\"_blank\">Das Tribunal (The Trials)<\/a><\/span> by Dawn King, translated from English by Henning Bochert, <a href=\"https:\/\/www.jt-bonn.de\" target=\"_blank\">Junges Theater Bonn<\/a><\/h3><\/div><div id=\"post-5380\" class=\"list-item event post-5380\"><h3 class=\"event-heading item-heading\"><strong>06.10.2023<\/strong> <span class=\"event-title\"><a href=\"https:\/\/www.theater-magdeburg.de\/inszenierungen\/schauspiel\/sz-20232024\/premieren-2324\/tod-eines-talentierten-schweins\/\" target=\"_blank\">Death of a Talented Pig<\/a><\/span> by Roman Sikora, from Czech by Barbora Schnelle and Kathrin Janka https:\/\/www.theater-magdeburg.de<\/h3><\/div><div id=\"post-5382\" class=\"list-item event post-5382\"><h3 class=\"event-heading item-heading\"><strong>06.10.2023<\/strong> <span class=\"event-title\"><a href=\"https:\/\/theater.bamberg.de\/spielplan\/stuecke\/das-vermaechtnis-the-inheritance-teil-1\/\" target=\"_blank\">Das Verm\u00e4chtnis (The Inheritance), Part One<\/a><\/span> by Matthew Lopez, from the English by Hannes Becker, <a href=\"https:\/\/theater.bamberg.de\/\" target=\"_blank\">ETA Hoffmann Theater Bamberg<\/a><\/h3><\/div><div id=\"post-5342\" class=\"list-item event post-5342\"><h3 class=\"event-heading item-heading\"><strong>14.10.2023<\/strong> <span class=\"event-title\"><a href=\"https:\/\/stadttheater-giessen.de\/de\/veranstaltungen\/stuecke\/midnight-movie\/\" target=\"_blank\">Midnight Movie<\/a><\/span> by Eve Leigh, translated from English by Henning Bochert, <a href=\"https:\/\/stadttheater-giessen.de\/\" target=\"_blank\">Stadttheater Gie\u00dfen<\/a><\/h3><\/div><div id=\"post-5570\" class=\"list-item event post-5570\"><h3 class=\"event-heading item-heading\"><strong>18.04.2024<\/strong> <span class=\"event-title\"><a href=\"https:\/\/www.nationaltheater-mannheim.de\/spielplan\/a-z\/generation-lost\/\" target=\"_blank\">Generation Lost<\/a><\/span> by Greg Liakopoulos, translated from English by Henning Bochert, <a href=\"https:\/\/www.nationaltheater-mannheim.de\" target=\"_blank\">Nationaltheater Mannheim<\/a><\/h3><\/div><div id=\"post-5731\" class=\"list-item event post-5731\"><h3 class=\"event-heading item-heading\"><strong>16.11.2024<\/strong> <span class=\"event-title\"><a href=\"https:\/\/theaterhausg7.de\/produktionen\/flaechenbrand\/\" target=\"_blank\">Fl\u00e4chenbrand<\/a><\/span> by Eve Leigh, translated from English by Henning Bochert, <a href=\"https:\/\/theaterhausg7.de\" target=\"_blank\">Theaterhaus G7<\/a><\/h3><\/div><div id=\"post-5736\" class=\"list-item event post-5736\"><h3 class=\"event-heading item-heading\"><strong>24.01.2025<\/strong> <span class=\"event-title\"><a href=\"https:\/\/www.theaterzurweitenwelt.de\/\" target=\"_blank\">Fl\u00e4chenbrand<\/a><\/span> by Eve Leigh, translated from English by Henning Bochert, <a href=\"https:\/\/www.theaterzurweitenwelt.de\/\" target=\"_blank\">Theater zur weiten Welt, L\u00fcneburg<\/a><\/h3><\/div><div id=\"post-5743\" class=\"list-item event post-5743\"><h3 class=\"event-heading item-heading\"><strong>08.02.2025<\/strong> <span class=\"event-title\"><a href=\"https:\/\/www.theater-essen.de\/programm\/kalender\/alles-wie-es-sein-soll\/2212\/\" target=\"_blank\">Alles wie es sein soll<\/a><\/span> by Dawn King, translated from English by Henning Bochert, <a href=\"https:\/\/www.theater-essen.de\/\" target=\"_blank\">Schauspiel Essen<\/a><\/h3><\/div><div id=\"post-5627\" class=\"list-item event post-5627\"><h3 class=\"event-heading item-heading\"><strong>15.03.2025<\/strong> <span class=\"event-title\"><a href=\"https:\/\/schauspielhaus.at\/saltyirina\" target=\"_blank\">Verbranntes Land<\/a><\/span> by Eve Leigh, translated from English by Henning Bochert, <a href=\"https:\/\/schauspielhaus.at\/\" target=\"_blank\">Schauspielhaus Wien<\/a><\/h3><\/div><div id=\"post-5839\" class=\"list-item event post-5839\"><h3 class=\"event-heading item-heading\"><strong>11.10.2025<\/strong> <span class=\"event-title\"><a href=\"https:\/\/neu.thalia-theater.de\/en\/whats-on\/arendt\/156\" target=\"_blank\">Arendt &#8211; Denken in finsteren Zeiten<\/a><\/span> by Rhea Leman, translated from English into German by Henning Bochert, <a href=\"https:\/\/neu.thalia-theater.de\/en\/\" target=\"_blank\">Thalia Theater Hamburg<\/a><\/h3><\/div><div id=\"post-6021\" class=\"list-item event post-6021\"><h3 class=\"event-heading item-heading\"><strong>07.03.2026<\/strong> <span class=\"event-title\"><a href=\"https:\/\/freiesschauspiel.de\/programm\/spielplan\/spielzeit-2021-22\" target=\"_blank\">Arendt<\/a><\/span> by Rhea Leman, from American English to German by Henning Bochert, <a href=\"https:\/\/freiesschauspiel.de\" target=\"_blank\">Freies Schauspiel Ensemble, Frankfurt\/Main<\/a><\/h3><\/div><div id=\"post-6022\" class=\"list-item event post-6022\"><h3 class=\"event-heading item-heading\"><strong>10.04.2026<\/strong> <span class=\"event-title\"><a href=\"https:\/\/theaterariane.ch\/arendt\" target=\"_blank\">Arendt<\/a><\/span> by Rhea Leman, from American English to German by Henning Bochert, <a href=\"https:\/\/theaterariane.ch\" target=\"_blank\">Theater Ariane, Winterthur (Switzerland)<\/a><\/h3><\/div><\/div>\n","protected":false},"excerpt":{"rendered":"<p>A selection of premieres of plays translated by members<\/p>\n","protected":false},"author":1,"featured_media":0,"parent":0,"menu_order":0,"comment_status":"closed","ping_status":"closed","template":"","meta":{"_acf_changed":false,"footnotes":""},"class_list":["post-3441","page","type-page","status-publish","hentry"],"acf":[],"_links":{"self":[{"href":"https:\/\/www.drama-panorama.com\/en\/wp-json\/wp\/v2\/pages\/3441","targetHints":{"allow":["GET"]}}],"collection":[{"href":"https:\/\/www.drama-panorama.com\/en\/wp-json\/wp\/v2\/pages"}],"about":[{"href":"https:\/\/www.drama-panorama.com\/en\/wp-json\/wp\/v2\/types\/page"}],"author":[{"embeddable":true,"href":"https:\/\/www.drama-panorama.com\/en\/wp-json\/wp\/v2\/users\/1"}],"replies":[{"embeddable":true,"href":"https:\/\/www.drama-panorama.com\/en\/wp-json\/wp\/v2\/comments?post=3441"}],"version-history":[{"count":6,"href":"https:\/\/www.drama-panorama.com\/en\/wp-json\/wp\/v2\/pages\/3441\/revisions"}],"predecessor-version":[{"id":4770,"href":"https:\/\/www.drama-panorama.com\/en\/wp-json\/wp\/v2\/pages\/3441\/revisions\/4770"}],"wp:attachment":[{"href":"https:\/\/www.drama-panorama.com\/en\/wp-json\/wp\/v2\/media?parent=3441"}],"curies":[{"name":"wp","href":"https:\/\/api.w.org\/{rel}","templated":true}]}}