{"id":3265,"date":"2018-01-19T13:57:37","date_gmt":"2018-01-19T12:57:37","guid":{"rendered":"https:\/\/www.drama-panorama.com\/cs\/?page_id=3265"},"modified":"2022-11-24T11:30:19","modified_gmt":"2022-11-24T10:30:19","slug":"premiery","status":"publish","type":"page","link":"https:\/\/www.drama-panorama.com\/cs\/premiery\/","title":{"rendered":"Premi\u00e9ry"},"content":{"rendered":"<div class=\"list event-list list-layout\"><div id=\"post-4186\" class=\"list-item event post-4186\"><h3 class=\"event-heading item-heading\"><strong>12.01.2001<\/strong> <span class=\"event-title\"> WINTERVOGEL<\/span> by Adam Rapp, EN-DE Henning Bochert, <a href=\"https:\/\/www.wlb-esslingen.de\" target=\"_blank\">W\u00fcrttembergische Landesb\u00fchne Esslingen<\/a><\/h3><\/div><div id=\"post-4185\" class=\"list-item event post-4185\"><h3 class=\"event-heading item-heading\"><strong>24.10.2009<\/strong> <span class=\"event-title\"> DARK PLAY oder GESCHICHTEN F\u00dcR JUNGS<\/span> by Carlos Murillo, EN-DE Henning Bochert, <a href=\"http:\/\/www.theateraalen.de\" target=\"_blank\">Theater Aalen<\/a><\/h3><\/div><div id=\"post-4187\" class=\"list-item event post-4187\"><h3 class=\"event-heading item-heading\"><strong>06.06.2015<\/strong> <span class=\"event-title\"> AM BODEN<\/span> by Geroge Brant, EN-DE Henning Bochert, <a href=\"https:\/\/www.dhaus.de\/\" target=\"_blank\">D\u00fcsseldorfer Schauspielhaus<\/a><\/h3><\/div><div id=\"post-4188\" class=\"list-item event post-4188\"><h3 class=\"event-heading item-heading\"><strong>24.06.2015<\/strong> <span class=\"event-title\"> AM BODEN<\/span> by George Brant, EN-DE Henning Bochert, <a href=\"https:\/\/www.schauspiel-stuttgart.de\/\" target=\"_blank\">Schauspiel Stuttgart<\/a><\/h3><\/div><div id=\"post-4182\" class=\"list-item event post-4182\"><h3 class=\"event-heading item-heading\"><strong>11.12.2017<\/strong> <span class=\"event-title\"> AM BODEN<\/span> by George Brant, Henning Bochert, <a href=\"http:\/\/www.theateruntermdach-berlin.de\/\" target=\"_blank\">Theater unterm Dach Berlin<\/a><\/h3><\/div><div id=\"post-4183\" class=\"list-item event post-4183\"><h3 class=\"event-heading item-heading\"><strong>24.03.2018<\/strong> <span class=\"event-title\"> DANCER IN THE DARK<\/span> by Patrick Ellsworth, Henning Bochert, <a href=\"https:\/\/www.thalia-theater.de\/de\/spielplan\/repertoire\/dancer-in-the-dark\/\" target=\"_blank\">Thalia-Theater Hamburk<\/a><\/h3><\/div><div id=\"post-4184\" class=\"list-item event post-4184\"><h3 class=\"event-heading item-heading\"><strong>09.06.2018<\/strong> <span class=\"event-title\"> YOUR VERY OWN DOUBLE CRISIS CLUB<\/span> by Sivan Ben Yishai, Henning Bochert, <a href=\"http:\/\/www.kasemattentheater.lu\/online\/www\/content\/programm\/DEU\/1603.html\" target=\"_blank\">Kasemattentheater Luxemburg<\/a><\/h3><\/div><div id=\"post-4189\" class=\"list-item event post-4189\"><h3 class=\"event-heading item-heading\"><strong>27.06.2018<\/strong> <span class=\"event-title\"> SCHLOSS AN DER LOIRE (v orig. Z\u00e1mek na Loi\u0159e)<\/span> by Roman Sikora, z \u010de\u0161tiny p\u0159elo\u017eila Barbora Schnelle, <a href=\"https:\/\/www.staatstheater-nuernberg.de\/index.php?page=schauspiel,veranstaltung,schloss_an_der_loire_siegerstueck_von_talking_about_borders_2017_ua_,136119\" target=\"_blank\">Staatstheater N\u00fcrnberg<\/a><\/h3><\/div><div id=\"post-4190\" class=\"list-item event post-4190\"><h3 class=\"event-heading item-heading\"><strong>21.04.2021<\/strong> <span class=\"event-title\"> Yayati<\/span> by Girish Karnad, Henning Bochert, <a href=\"http:\/\/www.teamtheater.de\/teamtheaterglobal.html\" target=\"_blank\">Teamtheater Tankstelle<\/a><\/h3><\/div><div id=\"post-4191\" class=\"list-item event post-4191\"><h3 class=\"event-heading item-heading\"><strong>23.04.2021<\/strong> <span class=\"event-title\"> Phantasmagorie<\/span> by Deepika Arwind, EN-DE Henning Bochert, <a href=\"http:\/\/www.teamtheater.de\/teamtheaterglobal.html\" target=\"_blank\">Teamtheater Tankstelle<\/a><\/h3><\/div><div id=\"post-4193\" class=\"list-item event post-4193\"><h3 class=\"event-heading item-heading\"><strong>18.05.2021<\/strong> <span class=\"event-title\"> Midnight Movie<\/span> by \/Eve Leigh, EN-DE, Henning Bochert, <a href=\"https:\/\/digital.berlinerfestspiele.de\/stueckemarkt\/midnight-movie\" target=\"_blank\">St\u00fcckemarkt, Berliner Theatertreffen<\/a><\/h3><\/div><div id=\"post-4192\" class=\"list-item event post-4192\"><h3 class=\"event-heading item-heading\"><strong>15.01.2022<\/strong> <span class=\"event-title\"><a href=\"https:\/\/www.dhaus.de\/programm\/a-z\/das-tribunal\/\" target=\"_blank\">Das Tribunal<\/a><\/span> by Dawn King, EN-DE Henning Bochert, <a href=\"https:\/\/www.dhaus.de\/stadtkollektiv\/\" target=\"_blank\">Stadt: Kollektiv, D\u00fcsseldorfer Schauspielhaus<\/a><\/h3><\/div><div id=\"post-4360\" class=\"list-item event post-4360\"><h3 class=\"event-heading item-heading\"><strong>27.01.2022<\/strong> <span class=\"event-title\"><a href=\"https:\/\/www.dt-goettingen.de\/stueck\/am-boden\/\" target=\"_blank\">Am Boden<\/a><\/span> by George Brant, EN-DE, Henning Bochert, <a href=\"https:\/\/www.dt-goettingen.de\/stueck\/am-boden\/\" target=\"_blank\">Deutsches Theater G\u00f6ttingen<\/a><\/h3><\/div><div id=\"post-4436\" class=\"list-item event post-4436\"><h3 class=\"event-heading item-heading\"><strong>02.09.2022<\/strong> <span class=\"event-title\"><a href=\"https:\/\/www.dhaus.de\/programm\/a-z\/othello\/\" target=\"_blank\">Othello<\/a><\/span> by William Shakespeare\/Lara Foot, from English by Erich Fried\/Henning Bochert, <a href=\"https:\/\/www.dhaus.de\" target=\"_blank\">D\u00fcsseldorfer Schauspielhaus<\/a><\/h3><\/div><div id=\"post-4435\" class=\"list-item event post-4435\"><h3 class=\"event-heading item-heading\"><strong>09.09.2022<\/strong> <span class=\"event-title\"><a href=\"https:\/\/anhaltisches-theater.de\/midnight_movie\" target=\"_blank\">Midnight Movie<\/a><\/span> by Eve Leigh, EN-DE, Henning Bochert, <a href=\"https:\/\/anhaltisches-theater.de\" target=\"_blank\">Anhaltisches Theater Dessau<\/a><\/h3><\/div><div id=\"post-4433\" class=\"list-item event post-4433\"><h3 class=\"event-heading item-heading\"><strong>10.09.2022<\/strong> <span class=\"event-title\"><a href=\"https:\/\/www.theater-bonn.de\/de\/programm\/wildfire-road-ua\/195902\" target=\"_blank\">Fl\u00e4chenbrand (Wildfire Road)<\/a><\/span> by Eve Leigh, EN-DE, Henning Bochert, <a href=\"https:\/\/www.theater-bonn.de\/\" target=\"_blank\">Theater Bonn<\/a><\/h3><\/div><div id=\"post-4432\" class=\"list-item event post-4432\"><h3 class=\"event-heading item-heading\"><strong>26.05.2023<\/strong> <span class=\"event-title\"><a href=\"https:\/\/theater-bielefeld.de\/veranstaltung\/das-tribunal.html\" target=\"_blank\">Das Tribunal (The Trials)<\/a><\/span> by Dawn King, EN-DE, Henning Bochert, <a href=\"https:\/\/theater-bielefeld.de\" target=\"_blank\">Theater Bielefeld<\/a><\/h3><\/div><\/div>\n","protected":false},"excerpt":{"rendered":"","protected":false},"author":1,"featured_media":0,"parent":0,"menu_order":0,"comment_status":"closed","ping_status":"closed","template":"","meta":{"_acf_changed":false,"footnotes":""},"class_list":["post-3265","page","type-page","status-publish","hentry"],"acf":[],"_links":{"self":[{"href":"https:\/\/www.drama-panorama.com\/cs\/wp-json\/wp\/v2\/pages\/3265","targetHints":{"allow":["GET"]}}],"collection":[{"href":"https:\/\/www.drama-panorama.com\/cs\/wp-json\/wp\/v2\/pages"}],"about":[{"href":"https:\/\/www.drama-panorama.com\/cs\/wp-json\/wp\/v2\/types\/page"}],"author":[{"embeddable":true,"href":"https:\/\/www.drama-panorama.com\/cs\/wp-json\/wp\/v2\/users\/1"}],"replies":[{"embeddable":true,"href":"https:\/\/www.drama-panorama.com\/cs\/wp-json\/wp\/v2\/comments?post=3265"}],"version-history":[{"count":4,"href":"https:\/\/www.drama-panorama.com\/cs\/wp-json\/wp\/v2\/pages\/3265\/revisions"}],"predecessor-version":[{"id":4196,"href":"https:\/\/www.drama-panorama.com\/cs\/wp-json\/wp\/v2\/pages\/3265\/revisions\/4196"}],"wp:attachment":[{"href":"https:\/\/www.drama-panorama.com\/cs\/wp-json\/wp\/v2\/media?parent=3265"}],"curies":[{"name":"wp","href":"https:\/\/api.w.org\/{rel}","templated":true}]}}