{"id":3216,"date":"2017-09-11T16:31:24","date_gmt":"2017-09-11T14:31:24","guid":{"rendered":"https:\/\/www.drama-panorama.com\/cs\/?page_id=3216"},"modified":"2022-11-24T11:22:33","modified_gmt":"2022-11-24T10:22:33","slug":"archiv","status":"publish","type":"page","link":"https:\/\/www.drama-panorama.com\/cs\/archiv\/","title":{"rendered":"Archiv"},"content":{"rendered":"<div class=\"list event-list accordion-layout\"><h3 class=\"is-style-heading-toggle\">2022<\/h3><div class=\"wp-block-group\"><div class=\"wp-block-group__inner-container\"><ul class=\"subpages-list\"><li class=\"single-subpage\"><a href=\"https:\/\/www.drama-panorama.com\/cs\/event\/roman-sikora-a-jeho-politicke-divadlo-v-nemeckem-prekladu-fruhstuck-mit-leviathan\/\">Ein St\u00fcck: Tschechien \u2013 Kus: \u010ceska2025. \u00a0Festival sou\u010dasn\u00e9ho \u010desk\u00e9ho divadla<\/a><\/li><\/ul><\/div><\/div><h3 class=\"is-style-heading-toggle\">2021<\/h3><div class=\"wp-block-group\"><div class=\"wp-block-group__inner-container\"><ul class=\"subpages-list\"><li class=\"single-subpage\"><a href=\"https:\/\/www.drama-panorama.com\/cs\/event\/kus-ceska-druha-sklizen-ein-stuck-tschechien-nachlese-2021-martina-kinska\/\">Kus: \u010ceska: Druh\u00e1 sklize\u0148 \/ Ein St\u00fcck: Tschechien: Nachlese 2021 &#8211; Martina Kinsk\u00e1<\/a><\/li><li class=\"single-subpage\"><a href=\"https:\/\/www.drama-panorama.com\/cs\/event\/kus-ceska-2021-ein-stuck-tschechien-2021\/\">Kus: \u010ceska\/Ein St\u00fcck: Tschechien 2021<\/a><\/li><li class=\"single-subpage\"><a href=\"https:\/\/www.drama-panorama.com\/cs\/event\/__trashed\/\">Schudoma: Jsem doma<\/a><\/li><\/ul><\/div><\/div><h3 class=\"is-style-heading-toggle\">2020<\/h3><div class=\"wp-block-group\"><div class=\"wp-block-group__inner-container\"><ul class=\"subpages-list\"><li class=\"single-subpage\"><a href=\"https:\/\/www.drama-panorama.com\/cs\/event\/kus-ceska-scenicka-cteni-2020\/\">EIN ST\u00dcCK: TSCHECHIEN\/KUS: \u010cESKA 2020 &#8211; sc\u00e9nick\u00e1 \u010dten\u00ed<\/a><\/li><\/ul><\/div><\/div><h3 class=\"is-style-heading-toggle\">2019<\/h3><div class=\"wp-block-group\"><div class=\"wp-block-group__inner-container\"><ul class=\"subpages-list\"><li class=\"single-subpage\"><a href=\"https:\/\/www.drama-panorama.com\/cs\/event\/ferdinande\/\">Ferdinande!<\/a><\/li><\/ul><\/div><\/div><h3 class=\"is-style-heading-toggle\">2018<\/h3><div class=\"wp-block-group\"><div class=\"wp-block-group__inner-container\"><ul class=\"subpages-list\"><li class=\"single-subpage\"><a href=\"https:\/\/www.drama-panorama.com\/cs\/event\/anthologie-von-masochisten-und-mamma-guerillas\/\">Antologie: VON MASOCHISTEN UND MAMMA-GUERILLAS<\/a><\/li><li class=\"single-subpage\"><a href=\"https:\/\/www.drama-panorama.com\/cs\/event\/ein-stuck-tschechien-2018-kus-ceska-2018\/\">EIN ST\u00dcCK: TSCHECHIEN 2018\/Kus: \u010ceska 2018<\/a><\/li><\/ul><\/div><\/div><h3 class=\"is-style-heading-toggle\">2017<\/h3><div class=\"wp-block-group\"><div class=\"wp-block-group__inner-container\"><ul class=\"subpages-list\"><li class=\"single-subpage\"><a href=\"https:\/\/www.drama-panorama.com\/cs\/event\/67-871-leningradska-blokada\/\">67\/871 Leningradsk\u00e1 blok\u00e1da<\/a><\/li><li class=\"single-subpage\"><a href=\"https:\/\/www.drama-panorama.com\/cs\/event\/workshop-k-aktualni-ceske-dramatice-a-jejimu-prekladu\/\">Workshop k aktu\u00e1ln\u00ed \u010desk\u00e9 dramatice a jej\u00edmu p\u0159ekladu<\/a><\/li><li class=\"single-subpage\"><a href=\"https:\/\/www.drama-panorama.com\/cs\/event\/kus-ceska-druha-sklizen-2017ein-stuck-tschechien-nachlese-2017\/\">Kus: \u010ceska: Druh\u00e1 sklize\u0148 2017\/Ein St\u00fcck: Tschechien: Nachlese 2017<\/a><\/li><\/ul><\/div><\/div><h3 class=\"is-style-heading-toggle\">2016<\/h3><div class=\"wp-block-group\"><div class=\"wp-block-group__inner-container\"><ul class=\"subpages-list\"><li class=\"single-subpage\"><a href=\"https:\/\/www.drama-panorama.com\/cs\/event\/kus-ceska-2016\/\">KUS: \u010cESKA 2016<\/a><\/li><\/ul><\/div><\/div><h3 class=\"is-style-heading-toggle\">2015<\/h3><div class=\"wp-block-group\"><div class=\"wp-block-group__inner-container\"><ul class=\"subpages-list\"><li class=\"single-subpage\"><a href=\"https:\/\/www.drama-panorama.com\/cs\/event\/kus-ceska-druha-sklizen-2015\/\">KUS: \u010cESKA: Druh\u00e1 sklize\u0148 2015<\/a><\/li><\/ul><\/div><\/div><h3 class=\"is-style-heading-toggle\">2014<\/h3><div class=\"wp-block-group\"><div class=\"wp-block-group__inner-container\"><ul class=\"subpages-list\"><li class=\"single-subpage\"><a href=\"https:\/\/www.drama-panorama.com\/cs\/event\/ithaka\/\">ITHAKA<\/a><\/li><li class=\"single-subpage\"><a href=\"https:\/\/www.drama-panorama.com\/cs\/event\/kus-ceska\/\">KUS: \u010cESKA 2014<\/a><\/li><li class=\"single-subpage\"><a href=\"https:\/\/www.drama-panorama.com\/cs\/event\/gabriel-ochoa-lo-ingobernable-lo-inconfesable-el-extasis\/\">Gabriel Ochoa: LO INGOBERNABLE, LO INCONFESABLE, EL \u00c9XTASIS<\/a><\/li><\/ul><\/div><\/div><h3 class=\"is-style-heading-toggle\">2012<\/h3><div class=\"wp-block-group\"><div class=\"wp-block-group__inner-container\"><ul class=\"subpages-list\"><li class=\"single-subpage\"><a href=\"https:\/\/www.drama-panorama.com\/cs\/event\/divadelni-obzor-latinska-amerika\/\">Divadeln\u00ed horizont: Latinsk\u00e1 Amerika<\/a><\/li><\/ul><\/div><\/div><\/div>\n","protected":false},"excerpt":{"rendered":"","protected":false},"author":1,"featured_media":0,"parent":0,"menu_order":0,"comment_status":"closed","ping_status":"closed","template":"","meta":{"_acf_changed":false,"footnotes":""},"class_list":["post-3216","page","type-page","status-publish","hentry"],"acf":[],"_links":{"self":[{"href":"https:\/\/www.drama-panorama.com\/cs\/wp-json\/wp\/v2\/pages\/3216","targetHints":{"allow":["GET"]}}],"collection":[{"href":"https:\/\/www.drama-panorama.com\/cs\/wp-json\/wp\/v2\/pages"}],"about":[{"href":"https:\/\/www.drama-panorama.com\/cs\/wp-json\/wp\/v2\/types\/page"}],"author":[{"embeddable":true,"href":"https:\/\/www.drama-panorama.com\/cs\/wp-json\/wp\/v2\/users\/1"}],"replies":[{"embeddable":true,"href":"https:\/\/www.drama-panorama.com\/cs\/wp-json\/wp\/v2\/comments?post=3216"}],"version-history":[{"count":3,"href":"https:\/\/www.drama-panorama.com\/cs\/wp-json\/wp\/v2\/pages\/3216\/revisions"}],"predecessor-version":[{"id":4461,"href":"https:\/\/www.drama-panorama.com\/cs\/wp-json\/wp\/v2\/pages\/3216\/revisions\/4461"}],"wp:attachment":[{"href":"https:\/\/www.drama-panorama.com\/cs\/wp-json\/wp\/v2\/media?parent=3216"}],"curies":[{"name":"wp","href":"https:\/\/api.w.org\/{rel}","templated":true}]}}