{"id":2949,"date":"2016-06-15T12:18:12","date_gmt":"2016-06-15T10:18:12","guid":{"rendered":"https:\/\/www.drama-panorama.com\/cs\/?page_id=2949"},"modified":"2022-11-17T16:33:08","modified_gmt":"2022-11-17T15:33:08","slug":"home","status":"publish","type":"page","link":"https:\/\/www.drama-panorama.com\/cs\/","title":{"rendered":"V\u00edtejte!"},"content":{"rendered":"\n<div style=\"height:30px\" aria-hidden=\"true\" class=\"wp-block-spacer\"><\/div>\n\n\n\n<p class=\"has-larger-font-size\">Drama Panorama: Forum f\u00fcr \u00dcbersetzung und Theater (F\u00f3rum pro p\u0159eklad a divadlo) propojuje pr\u00e1ci divadeln\u00edch p\u0159ekladatelek a p\u0159ekladatel\u016f, jako\u017e i autorek a autor\u016f s&nbsp;praktick\u00fdm divadeln\u00edm provozem a po\u0159\u00e1d\u00e1 d\u00edlny, \u010dten\u00ed, festivaly sou\u010dasn\u00fdch her a tak\u00e9 tematick\u00e9 p\u00f3diov\u00e9 diskuze na t\u00e9ma mezin\u00e1rodn\u00ed divadeln\u00ed spolupr\u00e1ce. C\u00edlem je vytvo\u0159en\u00ed otev\u0159en\u00e9ho f\u00f3ra pro mezin\u00e1rodn\u00ed p\u0159ekladatelky a p\u0159ekladatele, p\u0159i\u010dem\u017e se soust\u0159ed\u00edme na dialog s&nbsp;\u017eiv\u00fdm, aktu\u00e1ln\u00edm divadlem. Divadeln\u00ed p\u0159ekladatelky a p\u0159ekladatel\u00e9 jsou pro n\u00e1s z\u00e1rove\u0148 sou\u010d\u00e1st\u00ed procesu vzniku divadeln\u00ed inscenace. Jejich p\u0159eklady pak v&nbsp;nejr\u016fzn\u011bj\u0161\u00edch form\u00e1tech zp\u0159\u00edstup\u0148ujeme ve\u0159ejnosti.<\/p>\n\n\n\n<div style=\"height:60px\" aria-hidden=\"true\" class=\"wp-block-spacer\"><\/div>\n\n\n\n\n\n\n","protected":false},"excerpt":{"rendered":"<p>Drama Panorama: Forum f\u00fcr \u00dcbersetzung und Theater (F\u00f3rum pro p\u0159eklad a divadlo) propojuje pr\u00e1ci divadeln\u00edch p\u0159ekladatelek a p\u0159ekladatel\u016f, jako\u017e i autorek a autor\u016f s&nbsp;praktick\u00fdm divadeln\u00edm provozem a po\u0159\u00e1d\u00e1 d\u00edlny, \u010dten\u00ed, festivaly sou\u010dasn\u00fdch her a tak\u00e9 tematick\u00e9 p\u00f3diov\u00e9 diskuze na t\u00e9ma mezin\u00e1rodn\u00ed divadeln\u00ed spolupr\u00e1ce. C\u00edlem je&hellip; <a class=\"read-more\" href=\"https:\/\/www.drama-panorama.com\/cs\/\">Read more<\/a><\/p>\n","protected":false},"author":1,"featured_media":0,"parent":0,"menu_order":0,"comment_status":"closed","ping_status":"closed","template":"","meta":{"_acf_changed":false,"footnotes":""},"class_list":["post-2949","page","type-page","status-publish","hentry"],"acf":[],"_links":{"self":[{"href":"https:\/\/www.drama-panorama.com\/cs\/wp-json\/wp\/v2\/pages\/2949","targetHints":{"allow":["GET"]}}],"collection":[{"href":"https:\/\/www.drama-panorama.com\/cs\/wp-json\/wp\/v2\/pages"}],"about":[{"href":"https:\/\/www.drama-panorama.com\/cs\/wp-json\/wp\/v2\/types\/page"}],"author":[{"embeddable":true,"href":"https:\/\/www.drama-panorama.com\/cs\/wp-json\/wp\/v2\/users\/1"}],"replies":[{"embeddable":true,"href":"https:\/\/www.drama-panorama.com\/cs\/wp-json\/wp\/v2\/comments?post=2949"}],"version-history":[{"count":11,"href":"https:\/\/www.drama-panorama.com\/cs\/wp-json\/wp\/v2\/pages\/2949\/revisions"}],"predecessor-version":[{"id":4549,"href":"https:\/\/www.drama-panorama.com\/cs\/wp-json\/wp\/v2\/pages\/2949\/revisions\/4549"}],"wp:attachment":[{"href":"https:\/\/www.drama-panorama.com\/cs\/wp-json\/wp\/v2\/media?parent=2949"}],"curies":[{"name":"wp","href":"https:\/\/api.w.org\/{rel}","templated":true}]}}