{"id":1064,"date":"2012-05-07T06:42:14","date_gmt":"2012-05-07T04:42:14","guid":{"rendered":"https:\/\/www.drama-panorama.com\/?page_id=1064"},"modified":"2023-04-06T12:46:46","modified_gmt":"2023-04-06T10:46:46","slug":"impressum-cs","status":"publish","type":"page","link":"https:\/\/www.drama-panorama.com\/cs\/impressum-cs\/","title":{"rendered":"Impressum"},"content":{"rendered":"<p><strong>Drama Panorama: Forum f\u00fcr \u00dcbersetzung und Theater e. V.<br \/>\n<\/strong>Im Kunstquartier Bethanien<br \/>\nMariannenplatz 2<br \/>\n10997 Berlin<\/p>\n<p class=\"mail-block\"><a href=\"mailto:&#105;&#110;&#102;o&#64;dr&#97;&#109;&#97;-panoram&#97;.c&#111;&#109;\">&#105;nfo&#64;dra&#109;&#97;&#45;pa&#110;o&#114;a&#109;&#97;.&#99;&#111;&#109;<\/a><\/p>\n<p>Jurisdikce: Amtsgericht Charlottenburg\/Berlin<br \/>\n<span lang=\"cs\">Eviden\u010dn\u00ed \u010d\u00edslo<\/span>: VR32571B<br \/>\n<span lang=\"cs\">Da\u0148ov\u00e9 \u010d\u00edslo<\/span>: 27\/658\/52706<\/p>\n","protected":false},"excerpt":{"rendered":"<p>Drama Panorama: Forum f\u00fcr \u00dcbersetzung und Theater e. V. Im Kunstquartier Bethanien Mariannenplatz 2 10997 Berlin Jurisdikce: Amtsgericht Charlottenburg\/Berlin Eviden\u010dn\u00ed \u010d\u00edslo: VR32571B Da\u0148ov\u00e9 \u010d\u00edslo: 27\/658\/52706<\/p>\n","protected":false},"author":1,"featured_media":0,"parent":0,"menu_order":7,"comment_status":"closed","ping_status":"closed","template":"","meta":{"_acf_changed":false,"footnotes":""},"class_list":["post-1064","page","type-page","status-publish","hentry"],"acf":[],"_links":{"self":[{"href":"https:\/\/www.drama-panorama.com\/cs\/wp-json\/wp\/v2\/pages\/1064","targetHints":{"allow":["GET"]}}],"collection":[{"href":"https:\/\/www.drama-panorama.com\/cs\/wp-json\/wp\/v2\/pages"}],"about":[{"href":"https:\/\/www.drama-panorama.com\/cs\/wp-json\/wp\/v2\/types\/page"}],"author":[{"embeddable":true,"href":"https:\/\/www.drama-panorama.com\/cs\/wp-json\/wp\/v2\/users\/1"}],"replies":[{"embeddable":true,"href":"https:\/\/www.drama-panorama.com\/cs\/wp-json\/wp\/v2\/comments?post=1064"}],"version-history":[{"count":2,"href":"https:\/\/www.drama-panorama.com\/cs\/wp-json\/wp\/v2\/pages\/1064\/revisions"}],"predecessor-version":[{"id":4502,"href":"https:\/\/www.drama-panorama.com\/cs\/wp-json\/wp\/v2\/pages\/1064\/revisions\/4502"}],"wp:attachment":[{"href":"https:\/\/www.drama-panorama.com\/cs\/wp-json\/wp\/v2\/media?parent=1064"}],"curies":[{"name":"wp","href":"https:\/\/api.w.org\/{rel}","templated":true}]}}